{"id":4790,"date":"2024-03-05T11:54:56","date_gmt":"2024-03-05T16:54:56","guid":{"rendered":"https:\/\/godtoolsapp.com\/?page_id=4790"},"modified":"2024-03-05T11:55:00","modified_gmt":"2024-03-05T16:55:00","slug":"language-updates-2024","status":"publish","type":"page","link":"https:\/\/godtoolsapp.com\/vi\/language-updates-2024\/","title":{"rendered":"Language updates 2024"},"content":{"rendered":"<div data-elementor-type=\"wp-page\" data-elementor-id=\"4790\" class=\"elementor elementor-4790\" data-elementor-post-type=\"page\">\n\t\t\t\t\t\t<section class=\"elementor-section elementor-top-section elementor-element elementor-element-f0914be elementor-section-full_width elementor-section-stretched elementor-section-height-default elementor-section-height-default\" data-id=\"f0914be\" data-element_type=\"section\" data-settings=\"{&quot;stretch_section&quot;:&quot;section-stretched&quot;,&quot;background_background&quot;:&quot;classic&quot;}\">\n\t\t\t\t\t\t<div class=\"elementor-container elementor-column-gap-default\">\n\t\t\t\t\t<div class=\"elementor-column elementor-col-100 elementor-top-column elementor-element elementor-element-4c4118d\" data-id=\"4c4118d\" data-element_type=\"column\">\n\t\t\t<div class=\"elementor-widget-wrap elementor-element-populated\">\n\t\t\t\t\t\t<section class=\"elementor-section elementor-inner-section elementor-element elementor-element-66c0576 elementor-section-boxed elementor-section-height-default elementor-section-height-default\" data-id=\"66c0576\" data-element_type=\"section\">\n\t\t\t\t\t\t<div class=\"elementor-container elementor-column-gap-default\">\n\t\t\t\t\t<div class=\"elementor-column elementor-col-50 elementor-inner-column elementor-element elementor-element-226c756\" data-id=\"226c756\" data-element_type=\"column\">\n\t\t\t<div class=\"elementor-widget-wrap elementor-element-populated\">\n\t\t\t\t\t\t<div class=\"elementor-element elementor-element-9d62a11 elementor-widget elementor-widget-text-editor\" data-id=\"9d62a11\" data-element_type=\"widget\" data-widget_type=\"text-editor.default\">\n\t\t\t\t<div class=\"elementor-widget-container\">\n\t\t\t\t\t\t\t\t\t<h1>C\u1eadp Nh\u1eadt T\u00ednh N\u0103ng Ng\u00f4n Ng\u1eef Trong GodTools\u00a0<\/h1>\t\t\t\t\t\t\t\t<\/div>\n\t\t\t\t<\/div>\n\t\t\t\t\t<\/div>\n\t\t<\/div>\n\t\t\t\t<div class=\"elementor-column elementor-col-50 elementor-inner-column elementor-element elementor-element-196b6aa\" data-id=\"196b6aa\" data-element_type=\"column\">\n\t\t\t<div class=\"elementor-widget-wrap\">\n\t\t\t\t\t\t\t<\/div>\n\t\t<\/div>\n\t\t\t\t\t<\/div>\n\t\t<\/section>\n\t\t\t\t\t<\/div>\n\t\t<\/div>\n\t\t\t\t\t<\/div>\n\t\t<\/section>\n\t\t\t\t<section class=\"elementor-section elementor-top-section elementor-element elementor-element-1f2c03c elementor-section-boxed elementor-section-height-default elementor-section-height-default\" data-id=\"1f2c03c\" data-element_type=\"section\">\n\t\t\t\t\t\t<div class=\"elementor-container elementor-column-gap-default\">\n\t\t\t\t\t<div class=\"elementor-column elementor-col-100 elementor-top-column elementor-element elementor-element-3a5c8e2\" data-id=\"3a5c8e2\" data-element_type=\"column\">\n\t\t\t<div class=\"elementor-widget-wrap elementor-element-populated\">\n\t\t\t\t\t\t<div class=\"elementor-element elementor-element-9942a01 elementor-widget elementor-widget-text-editor\" data-id=\"9942a01\" data-element_type=\"widget\" data-widget_type=\"text-editor.default\">\n\t\t\t\t<div class=\"elementor-widget-container\">\n\t\t\t\t\t\t\t\t\t<h2 class=\"TypographyPresentation TypographyPresentation--m RichText3-paragraph--withVSpacingNormal RichText3-paragraph\">\u0110\u1ec3 b\u1ea1n c\u00f3 nh\u1eefng tr\u1ea3i nghi\u1ec7m s\u1eed d\u1ee5ng t\u00ednh n\u0103ng ng\u00f4n ng\u1eef hi\u1ec7u qu\u1ea3 h\u01a1n.<\/h2><h4 class=\"TypographyPresentation TypographyPresentation--m RichText3-paragraph--withVSpacingNormal RichText3-paragraph\">H\u00e3y xem m\u1ed9t v\u00e0i h\u01b0\u1edbng d\u1eabn nhanh:<\/h4>\t\t\t\t\t\t\t\t<\/div>\n\t\t\t\t<\/div>\n\t\t\t\t\t<\/div>\n\t\t<\/div>\n\t\t\t\t\t<\/div>\n\t\t<\/section>\n\t\t\t\t<section class=\"elementor-section elementor-top-section elementor-element elementor-element-a7daa89 elementor-section-boxed elementor-section-height-default elementor-section-height-default\" data-id=\"a7daa89\" data-element_type=\"section\">\n\t\t\t\t\t\t<div class=\"elementor-container elementor-column-gap-default\">\n\t\t\t\t\t<div class=\"elementor-column elementor-col-33 elementor-top-column elementor-element elementor-element-24013b2\" data-id=\"24013b2\" data-element_type=\"column\">\n\t\t\t<div class=\"elementor-widget-wrap elementor-element-populated\">\n\t\t\t\t\t\t<div class=\"elementor-element elementor-element-6dd4b3c elementor-widget elementor-widget-image\" data-id=\"6dd4b3c\" data-element_type=\"widget\" data-widget_type=\"image.default\">\n\t\t\t\t<div class=\"elementor-widget-container\">\n\t\t\t\t\t\t\t\t\t\t\t\t\t\t\t<img decoding=\"async\" src=\"https:\/\/godtoolsapp.com\/wp-content\/uploads\/sites\/21\/2024\/03\/applang-update.png?w=1200\" title=\"applang-update\" alt=\"applang-update\" loading=\"lazy\" \/>\t\t\t\t\t\t\t\t\t\t\t\t\t\t\t<\/div>\n\t\t\t\t<\/div>\n\t\t\t\t<div class=\"elementor-element elementor-element-186f344 elementor-widget elementor-widget-text-editor\" data-id=\"186f344\" data-element_type=\"widget\" data-widget_type=\"text-editor.default\">\n\t\t\t\t<div class=\"elementor-widget-container\">\n\t\t\t\t\t\t\t\t\t<h6>\"Ng\u00f4n ng\u1eef ch\u00ednh\" nay \u0111\u01b0\u1ee3c g\u1ecdi l\u00e0 \"Ng\u00f4n ng\u1eef trong App\"<\/h6><p>H\u00e3y ch\u1ecdn ng\u00f4n ng\u1eef b\u1ea1n mu\u1ed1n chuy\u1ec3n \u0111\u1ed5i trong App.<\/p>\t\t\t\t\t\t\t\t<\/div>\n\t\t\t\t<\/div>\n\t\t\t\t\t<\/div>\n\t\t<\/div>\n\t\t\t\t<div class=\"elementor-column elementor-col-33 elementor-top-column elementor-element elementor-element-a5dca53\" data-id=\"a5dca53\" data-element_type=\"column\">\n\t\t\t<div class=\"elementor-widget-wrap elementor-element-populated\">\n\t\t\t\t\t\t<div class=\"elementor-element elementor-element-7445dc8 elementor-widget elementor-widget-image\" data-id=\"7445dc8\" data-element_type=\"widget\" data-widget_type=\"image.default\">\n\t\t\t\t<div class=\"elementor-widget-container\">\n\t\t\t\t\t\t\t\t\t\t\t\t\t\t\t<img decoding=\"async\" src=\"https:\/\/godtoolsapp.com\/wp-content\/uploads\/sites\/21\/2024\/03\/langfilter-update.png?w=1200\" title=\"langfilter-update\" alt=\"langfilter-update\" loading=\"lazy\" \/>\t\t\t\t\t\t\t\t\t\t\t\t\t\t\t<\/div>\n\t\t\t\t<\/div>\n\t\t\t\t<div class=\"elementor-element elementor-element-eeaa9ea elementor-widget elementor-widget-text-editor\" data-id=\"eeaa9ea\" data-element_type=\"widget\" data-widget_type=\"text-editor.default\">\n\t\t\t\t<div class=\"elementor-widget-container\">\n\t\t\t\t\t\t\t\t\t<h6>Ph\u00e2n lo\u1ea1i c\u00f4ng c\u1ee5 b\u1eb1ng ng\u00f4n ng\u1eef<\/h6><p>Hi\u1ec7n c\u00f3 100+ ng\u00f4n ng\u1eef trong GodTools. M\u1ed7i ng\u00f4n ng\u1eef c\u00f3 th\u1ec3 c\u00f3 c\u00e1c c\u00f4ng c\u1ee5 kh\u00e1c nhau.<\/p>\t\t\t\t\t\t\t\t<\/div>\n\t\t\t\t<\/div>\n\t\t\t\t\t<\/div>\n\t\t<\/div>\n\t\t\t\t<div class=\"elementor-column elementor-col-33 elementor-top-column elementor-element elementor-element-388a90d\" data-id=\"388a90d\" data-element_type=\"column\">\n\t\t\t<div class=\"elementor-widget-wrap elementor-element-populated\">\n\t\t\t\t\t\t<div class=\"elementor-element elementor-element-cef093a elementor-widget elementor-widget-image\" data-id=\"cef093a\" data-element_type=\"widget\" data-widget_type=\"image.default\">\n\t\t\t\t<div class=\"elementor-widget-container\">\n\t\t\t\t\t\t\t\t\t\t\t\t\t\t\t<img decoding=\"async\" src=\"https:\/\/godtoolsapp.com\/wp-content\/uploads\/sites\/21\/2024\/03\/langdownload-update.png?w=1200\" title=\"langdownload-update\" alt=\"langdownload-update\" loading=\"lazy\" \/>\t\t\t\t\t\t\t\t\t\t\t\t\t\t\t<\/div>\n\t\t\t\t<\/div>\n\t\t\t\t<div class=\"elementor-element elementor-element-f999e9a elementor-widget elementor-widget-text-editor\" data-id=\"f999e9a\" data-element_type=\"widget\" data-widget_type=\"text-editor.default\">\n\t\t\t\t<div class=\"elementor-widget-container\">\n\t\t\t\t\t\t\t\t\t<h6>T\u1ea3i ng\u00f4n ng\u1eef<\/h6><p>T\u1ea3i to\u00e0n b\u1ed9 c\u00e1c c\u00f4ng c\u1ee5 hi\u1ec7n c\u00f3 trong ng\u00f4n ng\u1eef b\u1ea1n c\u1ea7n s\u1eed d\u1ee5ng, \u0111\u1ec3 thu\u1eadn ti\u1ec7n khi c\u1ea7n d\u00f9ng offline.<\/p>\t\t\t\t\t\t\t\t<\/div>\n\t\t\t\t<\/div>\n\t\t\t\t\t<\/div>\n\t\t<\/div>\n\t\t\t\t\t<\/div>\n\t\t<\/section>\n\t\t\t\t<section class=\"elementor-section elementor-top-section elementor-element elementor-element-f6b7a0f elementor-section-content-middle elementor-section-boxed elementor-section-height-default elementor-section-height-default\" data-id=\"f6b7a0f\" data-element_type=\"section\">\n\t\t\t\t\t\t<div class=\"elementor-container elementor-column-gap-default\">\n\t\t\t\t\t<div class=\"elementor-column elementor-col-50 elementor-top-column elementor-element elementor-element-0cdde7b\" data-id=\"0cdde7b\" data-element_type=\"column\">\n\t\t\t<div class=\"elementor-widget-wrap elementor-element-populated\">\n\t\t\t\t\t\t<div class=\"elementor-element elementor-element-3dafcdb elementor-widget elementor-widget-text-editor\" data-id=\"3dafcdb\" data-element_type=\"widget\" data-widget_type=\"text-editor.default\">\n\t\t\t\t<div class=\"elementor-widget-container\">\n\t\t\t\t\t\t\t\t\t<h3>Tip 1:<\/h3><p>\u0110\u1ec3 c\u00e1 nh\u00e2n ho\u00e1 tr\u1ea3i nghi\u1ec7m, b\u1ea1n c\u00f3 th\u1ec3 thay \u0111\u1ed5i b\u1eb1ng c\u00e1ch b\u1ea5m v\u00e0o k\u00fd hi\u1ec7u <img decoding=\"async\" class=\"alignnone wp-image-4805\" src=\"https:\/\/godtoolsapp.com\/wp-content\/uploads\/sites\/21\/2024\/03\/menu.png\" alt=\"\" width=\"30\" height=\"30\" srcset=\"https:\/\/godtoolsapp.com\/wp-content\/uploads\/sites\/21\/2024\/03\/menu.png 66w, https:\/\/godtoolsapp.com\/wp-content\/uploads\/sites\/21\/2024\/03\/menu.png?resize=12,12 12w\" sizes=\"(max-width: 30px) 100vw, 30px\" \/> \u0111\u1ec3 v\u00e0o Menu, \u1edf g\u00f3c tr\u00ean b\u00ean tr\u00e1i, sau \u0111\u00f3 ch\u1ecdn &gt; T\u1ed5ng qu\u00e1t &gt; Thi\u1ebft l\u1eadp ng\u00f4n ng\u1eef\u00a0<\/p>\t\t\t\t\t\t\t\t<\/div>\n\t\t\t\t<\/div>\n\t\t\t\t\t<\/div>\n\t\t<\/div>\n\t\t\t\t<div class=\"elementor-column elementor-col-50 elementor-top-column elementor-element elementor-element-e967781\" data-id=\"e967781\" data-element_type=\"column\">\n\t\t\t<div class=\"elementor-widget-wrap elementor-element-populated\">\n\t\t\t\t\t\t<div class=\"elementor-element elementor-element-6f415ac elementor-widget elementor-widget-image\" data-id=\"6f415ac\" data-element_type=\"widget\" data-widget_type=\"image.default\">\n\t\t\t\t<div class=\"elementor-widget-container\">\n\t\t\t\t\t\t\t\t\t\t\t\t\t\t\t<img decoding=\"async\" src=\"https:\/\/godtoolsapp.com\/wp-content\/uploads\/sites\/21\/2024\/03\/menu-mockup.png?w=1373\" title=\"menu-mockup\" alt=\"menu-mockup\" loading=\"lazy\" \/>\t\t\t\t\t\t\t\t\t\t\t\t\t\t\t<\/div>\n\t\t\t\t<\/div>\n\t\t\t\t\t<\/div>\n\t\t<\/div>\n\t\t\t\t\t<\/div>\n\t\t<\/section>\n\t\t\t\t<section class=\"elementor-section elementor-top-section elementor-element elementor-element-baecf2a elementor-section-content-middle elementor-section-boxed elementor-section-height-default elementor-section-height-default\" data-id=\"baecf2a\" data-element_type=\"section\">\n\t\t\t\t\t\t<div class=\"elementor-container elementor-column-gap-default\">\n\t\t\t\t\t<div class=\"elementor-column elementor-col-50 elementor-top-column elementor-element elementor-element-c8e9243\" data-id=\"c8e9243\" data-element_type=\"column\">\n\t\t\t<div class=\"elementor-widget-wrap elementor-element-populated\">\n\t\t\t\t\t\t<div class=\"elementor-element elementor-element-79ae6b6 elementor-widget elementor-widget-image\" data-id=\"79ae6b6\" data-element_type=\"widget\" data-widget_type=\"image.default\">\n\t\t\t\t<div class=\"elementor-widget-container\">\n\t\t\t\t\t\t\t\t\t\t\t\t\t\t\t<img decoding=\"async\" src=\"https:\/\/godtoolsapp.com\/wp-content\/uploads\/sites\/21\/2024\/03\/tooloptions-mockup.png?w=1301\" title=\"tooloptions-mockup\" alt=\"tooloptions-mockup\" loading=\"lazy\" \/>\t\t\t\t\t\t\t\t\t\t\t\t\t\t\t<\/div>\n\t\t\t\t<\/div>\n\t\t\t\t\t<\/div>\n\t\t<\/div>\n\t\t\t\t<div class=\"elementor-column elementor-col-50 elementor-top-column elementor-element elementor-element-d29f3fd\" data-id=\"d29f3fd\" data-element_type=\"column\">\n\t\t\t<div class=\"elementor-widget-wrap elementor-element-populated\">\n\t\t\t\t\t\t<div class=\"elementor-element elementor-element-03c194d elementor-widget elementor-widget-text-editor\" data-id=\"03c194d\" data-element_type=\"widget\" data-widget_type=\"text-editor.default\">\n\t\t\t\t<div class=\"elementor-widget-container\">\n\t\t\t\t\t\t\t\t\t<h3>Tip 2:<\/h3><p class=\"translation-block\">Khi \u0111ang s\u1eed d\u1ee5ng m\u1ed9t c\u00f4ng c\u1ee5, b\u1ea1n c\u00f3 th\u1ec3 thay \u0111\u1ed5i ng\u00f4n ng\u1eef b\u1ea5t c\u1ee9 l\u00fac n\u00e0o, b\u1eb1ng c\u00e1ch b\u1ea5m v\u00e0o bi\u1ec3u t\u01b0\u1ee3ng <img loading=\"lazy\" class=\"alignnone wp-image-4793\" src=\"https:\/\/godtoolsapp.com\/wp-content\/uploads\/sites\/21\/2024\/03\/tooloptions-button.png\" alt=\"\" width=\"30\" height=\"30\"> v\u00e0 l\u1ef1a ch\u1ecdn ng\u00f4n ng\u1eef b\u1ea1n mu\u1ed1n chuy\u1ec3n \u0111\u1ed5i.<\/p>\t\t\t\t\t\t\t\t<\/div>\n\t\t\t\t<\/div>\n\t\t\t\t\t<\/div>\n\t\t<\/div>\n\t\t\t\t\t<\/div>\n\t\t<\/section>\n\t\t\t\t<\/div>","protected":false},"excerpt":{"rendered":"<p>GodTools Language Improvements\u00a0 To create a better language experience for you, we\u2019ve made some improvements Here are some highlights: Primary language is now called App language. Select a fully translated language to navigate GodTools in. Filter tools by language Find tools in the 100+ other languages GodTools has at least one tool available in. Download [&hellip;]<\/p>","protected":false},"author":7579,"featured_media":0,"parent":0,"menu_order":0,"comment_status":"closed","ping_status":"closed","template":"","meta":{"_acf_changed":false,"inline_featured_image":false,"footnotes":""},"class_list":["post-4790","page","type-page","status-publish","hentry"],"acf":[],"yoast_head":"<!-- This site is optimized with the Yoast SEO plugin v26.7 - https:\/\/yoast.com\/wordpress\/plugins\/seo\/ -->\n<title>Language updates 2024 - GodTools<\/title>\n<meta name=\"robots\" content=\"index, follow, max-snippet:-1, max-image-preview:large, max-video-preview:-1\" \/>\n<link rel=\"canonical\" href=\"https:\/\/godtoolsapp.com\/vi\/language-updates-2024\/\" \/>\n<meta property=\"og:locale\" content=\"vi_VN\" \/>\n<meta property=\"og:type\" content=\"article\" \/>\n<meta property=\"og:title\" content=\"Language updates 2024 - GodTools\" \/>\n<meta property=\"og:description\" content=\"GodTools Language Improvements\u00a0 To create a better language experience for you, we\u2019ve made some improvements Here are some highlights: Primary language is now called App language. Select a fully translated language to navigate GodTools in. Filter tools by language Find tools in the 100+ other languages GodTools has at least one tool available in. Download [&hellip;]\" \/>\n<meta property=\"og:url\" content=\"https:\/\/godtoolsapp.com\/vi\/language-updates-2024\/\" \/>\n<meta property=\"og:site_name\" content=\"GodTools\" \/>\n<meta property=\"article:modified_time\" content=\"2024-03-05T16:55:00+00:00\" \/>\n<meta property=\"og:image\" content=\"https:\/\/godtoolsapp.com\/wp-content\/uploads\/sites\/21\/2024\/03\/applang-update.png\" \/>\n<meta name=\"twitter:card\" content=\"summary_large_image\" \/>\n<meta name=\"twitter:label1\" content=\"Est. reading time\" \/>\n\t<meta name=\"twitter:data1\" content=\"2 minutes\" \/>\n<script type=\"application\/ld+json\" class=\"yoast-schema-graph\">{\"@context\":\"https:\/\/schema.org\",\"@graph\":[{\"@type\":\"WebPage\",\"@id\":\"https:\/\/godtoolsapp.com\/language-updates-2024\/\",\"url\":\"https:\/\/godtoolsapp.com\/language-updates-2024\/\",\"name\":\"Language updates 2024 - GodTools\",\"isPartOf\":{\"@id\":\"https:\/\/godtoolsapp.com\/pt\/#website\"},\"primaryImageOfPage\":{\"@id\":\"https:\/\/godtoolsapp.com\/language-updates-2024\/#primaryimage\"},\"image\":{\"@id\":\"https:\/\/godtoolsapp.com\/language-updates-2024\/#primaryimage\"},\"thumbnailUrl\":\"https:\/\/godtoolsapp.com\/wp-content\/uploads\/sites\/21\/2024\/03\/applang-update.png\",\"datePublished\":\"2024-03-05T16:54:56+00:00\",\"dateModified\":\"2024-03-05T16:55:00+00:00\",\"breadcrumb\":{\"@id\":\"https:\/\/godtoolsapp.com\/language-updates-2024\/#breadcrumb\"},\"inLanguage\":\"vi\",\"potentialAction\":[{\"@type\":\"ReadAction\",\"target\":[\"https:\/\/godtoolsapp.com\/language-updates-2024\/\"]}]},{\"@type\":\"ImageObject\",\"inLanguage\":\"vi\",\"@id\":\"https:\/\/godtoolsapp.com\/language-updates-2024\/#primaryimage\",\"url\":\"https:\/\/godtoolsapp.com\/wp-content\/uploads\/sites\/21\/2024\/03\/applang-update.png\",\"contentUrl\":\"https:\/\/godtoolsapp.com\/wp-content\/uploads\/sites\/21\/2024\/03\/applang-update.png\"},{\"@type\":\"BreadcrumbList\",\"@id\":\"https:\/\/godtoolsapp.com\/language-updates-2024\/#breadcrumb\",\"itemListElement\":[{\"@type\":\"ListItem\",\"position\":1,\"name\":\"Home\",\"item\":\"https:\/\/godtoolsapp.com\/\"},{\"@type\":\"ListItem\",\"position\":2,\"name\":\"Language updates 2024\"}]},{\"@type\":\"WebSite\",\"@id\":\"https:\/\/godtoolsapp.com\/pt\/#website\",\"url\":\"https:\/\/godtoolsapp.com\/pt\/\",\"name\":\"GodTools\",\"description\":\"Helping You Share Your Faith\",\"potentialAction\":[{\"@type\":\"SearchAction\",\"target\":{\"@type\":\"EntryPoint\",\"urlTemplate\":\"https:\/\/godtoolsapp.com\/pt\/?s={search_term_string}\"},\"query-input\":{\"@type\":\"PropertyValueSpecification\",\"valueRequired\":true,\"valueName\":\"search_term_string\"}}],\"inLanguage\":\"vi\"}]}<\/script>\n<!-- \/ Yoast SEO plugin. -->","yoast_head_json":{"title":"Language updates 2024 - GodTools","robots":{"index":"index","follow":"follow","max-snippet":"max-snippet:-1","max-image-preview":"max-image-preview:large","max-video-preview":"max-video-preview:-1"},"canonical":"https:\/\/godtoolsapp.com\/vi\/language-updates-2024\/","og_locale":"vi_VN","og_type":"article","og_title":"Language updates 2024 - GodTools","og_description":"GodTools Language Improvements\u00a0 To create a better language experience for you, we\u2019ve made some improvements Here are some highlights: Primary language is now called App language. Select a fully translated language to navigate GodTools in. Filter tools by language Find tools in the 100+ other languages GodTools has at least one tool available in. Download [&hellip;]","og_url":"https:\/\/godtoolsapp.com\/vi\/language-updates-2024\/","og_site_name":"GodTools","article_modified_time":"2024-03-05T16:55:00+00:00","og_image":[{"url":"https:\/\/godtoolsapp.com\/wp-content\/uploads\/sites\/21\/2024\/03\/applang-update.png","type":"","width":"","height":""}],"twitter_card":"summary_large_image","twitter_misc":{"Est. reading time":"2 minutes"},"schema":{"@context":"https:\/\/schema.org","@graph":[{"@type":"WebPage","@id":"https:\/\/godtoolsapp.com\/language-updates-2024\/","url":"https:\/\/godtoolsapp.com\/language-updates-2024\/","name":"Language updates 2024 - GodTools","isPartOf":{"@id":"https:\/\/godtoolsapp.com\/pt\/#website"},"primaryImageOfPage":{"@id":"https:\/\/godtoolsapp.com\/language-updates-2024\/#primaryimage"},"image":{"@id":"https:\/\/godtoolsapp.com\/language-updates-2024\/#primaryimage"},"thumbnailUrl":"https:\/\/godtoolsapp.com\/wp-content\/uploads\/sites\/21\/2024\/03\/applang-update.png","datePublished":"2024-03-05T16:54:56+00:00","dateModified":"2024-03-05T16:55:00+00:00","breadcrumb":{"@id":"https:\/\/godtoolsapp.com\/language-updates-2024\/#breadcrumb"},"inLanguage":"vi","potentialAction":[{"@type":"ReadAction","target":["https:\/\/godtoolsapp.com\/language-updates-2024\/"]}]},{"@type":"ImageObject","inLanguage":"vi","@id":"https:\/\/godtoolsapp.com\/language-updates-2024\/#primaryimage","url":"https:\/\/godtoolsapp.com\/wp-content\/uploads\/sites\/21\/2024\/03\/applang-update.png","contentUrl":"https:\/\/godtoolsapp.com\/wp-content\/uploads\/sites\/21\/2024\/03\/applang-update.png"},{"@type":"BreadcrumbList","@id":"https:\/\/godtoolsapp.com\/language-updates-2024\/#breadcrumb","itemListElement":[{"@type":"ListItem","position":1,"name":"Home","item":"https:\/\/godtoolsapp.com\/"},{"@type":"ListItem","position":2,"name":"Language updates 2024"}]},{"@type":"WebSite","@id":"https:\/\/godtoolsapp.com\/pt\/#website","url":"https:\/\/godtoolsapp.com\/pt\/","name":"GodTools","description":"Helping You Share Your Faith","potentialAction":[{"@type":"SearchAction","target":{"@type":"EntryPoint","urlTemplate":"https:\/\/godtoolsapp.com\/pt\/?s={search_term_string}"},"query-input":{"@type":"PropertyValueSpecification","valueRequired":true,"valueName":"search_term_string"}}],"inLanguage":"vi"}]}},"jetpack_sharing_enabled":true,"meta_box":{"_cloudsearch_visibility":"0"},"_links":{"self":[{"href":"https:\/\/godtoolsapp.com\/vi\/wp-json\/wp\/v2\/pages\/4790","targetHints":{"allow":["GET"]}}],"collection":[{"href":"https:\/\/godtoolsapp.com\/vi\/wp-json\/wp\/v2\/pages"}],"about":[{"href":"https:\/\/godtoolsapp.com\/vi\/wp-json\/wp\/v2\/types\/page"}],"author":[{"embeddable":true,"href":"https:\/\/godtoolsapp.com\/vi\/wp-json\/wp\/v2\/users\/7579"}],"replies":[{"embeddable":true,"href":"https:\/\/godtoolsapp.com\/vi\/wp-json\/wp\/v2\/comments?post=4790"}],"version-history":[{"count":16,"href":"https:\/\/godtoolsapp.com\/vi\/wp-json\/wp\/v2\/pages\/4790\/revisions"}],"predecessor-version":[{"id":4950,"href":"https:\/\/godtoolsapp.com\/vi\/wp-json\/wp\/v2\/pages\/4790\/revisions\/4950"}],"wp:attachment":[{"href":"https:\/\/godtoolsapp.com\/vi\/wp-json\/wp\/v2\/media?parent=4790"}],"curies":[{"name":"wp","href":"https:\/\/api.w.org\/{rel}","templated":true}]}}