{"id":91,"date":"2018-06-04T16:46:03","date_gmt":"2018-06-04T16:46:03","guid":{"rendered":"https:\/\/localhost.cru.org\/godtools\/?page_id=91"},"modified":"2020-09-18T14:28:59","modified_gmt":"2020-09-18T18:28:59","slug":"tools","status":"publish","type":"page","link":"https:\/\/godtoolsapp.com\/lv\/tools\/","title":{"rendered":"<strong>Pieejamie lietotnes r\u012bki<\/strong><br \/>t\u012bmek\u013ca vietn\u0113"},"content":{"rendered":"","protected":false},"excerpt":{"rendered":"","protected":false},"author":5,"featured_media":0,"parent":0,"menu_order":0,"comment_status":"closed","ping_status":"closed","template":"templates\/tools.php","meta":{"_acf_changed":false,"inline_featured_image":false,"footnotes":""},"class_list":["post-91","page","type-page","status-publish","hentry"],"acf":[],"yoast_head":"<!-- This site is optimized with the Yoast SEO plugin v26.7 - https:\/\/yoast.com\/wordpress\/plugins\/seo\/ -->\n<title>Available Tools - GodTools<\/title>\n<meta name=\"robots\" content=\"index, follow, max-snippet:-1, max-image-preview:large, max-video-preview:-1\" \/>\n<link rel=\"canonical\" href=\"https:\/\/godtoolsapp.com\/lv\/tools\/\" \/>\n<meta property=\"og:locale\" content=\"lv_LV\" \/>\n<meta property=\"og:type\" content=\"article\" \/>\n<meta property=\"og:title\" content=\"Available Tools - GodTools\" \/>\n<meta property=\"og:url\" content=\"https:\/\/godtoolsapp.com\/lv\/tools\/\" \/>\n<meta property=\"og:site_name\" content=\"GodTools\" \/>\n<meta property=\"article:modified_time\" content=\"2020-09-18T18:28:59+00:00\" \/>\n<meta name=\"twitter:card\" content=\"summary_large_image\" \/>\n<script type=\"application\/ld+json\" class=\"yoast-schema-graph\">{\"@context\":\"https:\/\/schema.org\",\"@graph\":[{\"@type\":\"WebPage\",\"@id\":\"https:\/\/godtoolsapp.com\/en\/tools\/\",\"url\":\"https:\/\/godtoolsapp.com\/en\/tools\/\",\"name\":\"Available Tools - GodTools\",\"isPartOf\":{\"@id\":\"https:\/\/godtoolsapp.com\/pt\/#website\"},\"datePublished\":\"2018-06-04T16:46:03+00:00\",\"dateModified\":\"2020-09-18T18:28:59+00:00\",\"breadcrumb\":{\"@id\":\"https:\/\/godtoolsapp.com\/en\/tools\/#breadcrumb\"},\"inLanguage\":\"lv\",\"potentialAction\":[{\"@type\":\"ReadAction\",\"target\":[\"https:\/\/godtoolsapp.com\/en\/tools\/\"]}]},{\"@type\":\"BreadcrumbList\",\"@id\":\"https:\/\/godtoolsapp.com\/en\/tools\/#breadcrumb\",\"itemListElement\":[{\"@type\":\"ListItem\",\"position\":1,\"name\":\"Home\",\"item\":\"https:\/\/godtoolsapp.com\/\"},{\"@type\":\"ListItem\",\"position\":2,\"name\":\"Available Tools\"}]},{\"@type\":\"WebSite\",\"@id\":\"https:\/\/godtoolsapp.com\/pt\/#website\",\"url\":\"https:\/\/godtoolsapp.com\/pt\/\",\"name\":\"GodTools\",\"description\":\"Helping You Share Your Faith\",\"potentialAction\":[{\"@type\":\"SearchAction\",\"target\":{\"@type\":\"EntryPoint\",\"urlTemplate\":\"https:\/\/godtoolsapp.com\/pt\/?s={search_term_string}\"},\"query-input\":{\"@type\":\"PropertyValueSpecification\",\"valueRequired\":true,\"valueName\":\"search_term_string\"}}],\"inLanguage\":\"lv\"}]}<\/script>\n<!-- \/ Yoast SEO plugin. -->","yoast_head_json":{"title":"Available Tools - GodTools","robots":{"index":"index","follow":"follow","max-snippet":"max-snippet:-1","max-image-preview":"max-image-preview:large","max-video-preview":"max-video-preview:-1"},"canonical":"https:\/\/godtoolsapp.com\/lv\/tools\/","og_locale":"lv_LV","og_type":"article","og_title":"Available Tools - GodTools","og_url":"https:\/\/godtoolsapp.com\/lv\/tools\/","og_site_name":"GodTools","article_modified_time":"2020-09-18T18:28:59+00:00","twitter_card":"summary_large_image","schema":{"@context":"https:\/\/schema.org","@graph":[{"@type":"WebPage","@id":"https:\/\/godtoolsapp.com\/en\/tools\/","url":"https:\/\/godtoolsapp.com\/en\/tools\/","name":"Available Tools - GodTools","isPartOf":{"@id":"https:\/\/godtoolsapp.com\/pt\/#website"},"datePublished":"2018-06-04T16:46:03+00:00","dateModified":"2020-09-18T18:28:59+00:00","breadcrumb":{"@id":"https:\/\/godtoolsapp.com\/en\/tools\/#breadcrumb"},"inLanguage":"lv","potentialAction":[{"@type":"ReadAction","target":["https:\/\/godtoolsapp.com\/en\/tools\/"]}]},{"@type":"BreadcrumbList","@id":"https:\/\/godtoolsapp.com\/en\/tools\/#breadcrumb","itemListElement":[{"@type":"ListItem","position":1,"name":"Home","item":"https:\/\/godtoolsapp.com\/"},{"@type":"ListItem","position":2,"name":"Available Tools"}]},{"@type":"WebSite","@id":"https:\/\/godtoolsapp.com\/pt\/#website","url":"https:\/\/godtoolsapp.com\/pt\/","name":"<em>GodTools<\/em>","description":"Helping You Share Your Faith","potentialAction":[{"@type":"SearchAction","target":{"@type":"EntryPoint","urlTemplate":"https:\/\/godtoolsapp.com\/pt\/?s={search_term_string}"},"query-input":{"@type":"PropertyValueSpecification","valueRequired":true,"valueName":"search_term_string"}}],"inLanguage":"lv"}]}},"jetpack_sharing_enabled":true,"meta_box":{"_cloudsearch_visibility":""},"_links":{"self":[{"href":"https:\/\/godtoolsapp.com\/lv\/wp-json\/wp\/v2\/pages\/91","targetHints":{"allow":["GET"]}}],"collection":[{"href":"https:\/\/godtoolsapp.com\/lv\/wp-json\/wp\/v2\/pages"}],"about":[{"href":"https:\/\/godtoolsapp.com\/lv\/wp-json\/wp\/v2\/types\/page"}],"author":[{"embeddable":true,"href":"https:\/\/godtoolsapp.com\/lv\/wp-json\/wp\/v2\/users\/5"}],"replies":[{"embeddable":true,"href":"https:\/\/godtoolsapp.com\/lv\/wp-json\/wp\/v2\/comments?post=91"}],"version-history":[{"count":5,"href":"https:\/\/godtoolsapp.com\/lv\/wp-json\/wp\/v2\/pages\/91\/revisions"}],"predecessor-version":[{"id":975,"href":"https:\/\/godtoolsapp.com\/lv\/wp-json\/wp\/v2\/pages\/91\/revisions\/975"}],"wp:attachment":[{"href":"https:\/\/godtoolsapp.com\/lv\/wp-json\/wp\/v2\/media?parent=91"}],"curies":[{"name":"wp","href":"https:\/\/api.w.org\/{rel}","templated":true}]}}