{"id":539,"date":"2018-08-29T19:57:10","date_gmt":"2018-08-29T19:57:10","guid":{"rendered":"https:\/\/stage.godtoolsapp.com\/?page_id=465"},"modified":"2025-11-05T17:04:57","modified_gmt":"2025-11-05T22:04:57","slug":"copyright","status":"publish","type":"page","link":"https:\/\/godtoolsapp.com\/lv\/copyright\/","title":{"rendered":"Par autorties\u012bb\u0101m"},"content":{"rendered":"<h2><\/h2>\n<p>&nbsp;<\/p>\n<h2><img fetchpriority=\"high\" decoding=\"async\" class=\"alignnone size-medium wp-image-6247\" src=\"https:\/\/godtoolsapp.com\/wp-content\/uploads\/sites\/21\/2025\/11\/gt-copyright-image-min-1.jpg?w=1024\" alt=\"\" width=\"1024\" height=\"672\" srcset=\"https:\/\/godtoolsapp.com\/wp-content\/uploads\/sites\/21\/2025\/11\/gt-copyright-image-min-1.jpg 2720w, https:\/\/godtoolsapp.com\/wp-content\/uploads\/sites\/21\/2025\/11\/gt-copyright-image-min-1.jpg?resize=1024,672 1024w, https:\/\/godtoolsapp.com\/wp-content\/uploads\/sites\/21\/2025\/11\/gt-copyright-image-min-1.jpg?resize=768,504 768w, https:\/\/godtoolsapp.com\/wp-content\/uploads\/sites\/21\/2025\/11\/gt-copyright-image-min-1.jpg?resize=1536,1007 1536w, https:\/\/godtoolsapp.com\/wp-content\/uploads\/sites\/21\/2025\/11\/gt-copyright-image-min-1.jpg?resize=2048,1343 2048w, https:\/\/godtoolsapp.com\/wp-content\/uploads\/sites\/21\/2025\/11\/gt-copyright-image-min-1.jpg?resize=18,12 18w\" sizes=\"(max-width: 1024px) 100vw, 1024px\" \/><\/h2>\n<h2><\/h2>\n<h2><br \/><em>GodTools<\/em> lietotne<\/h2>\n<p>GodTools exists to help you have conversations about Jesus with the people you care about. Everyone has the ability to share the message of Jesus. Lots of us just need a little help. We\u2019re here to give you whatever help you need.<\/p>\n<p>The app features tools, lessons, multilingual functionality, and screen-sharing.<\/p>\n<p>The app is available on the App Store and Play store.<\/p>\n<p>&nbsp;<\/p>\n<h2>&#8211;<\/h2>\n<p>&nbsp;<\/p>\n<h2>Copyright information<\/h2>\n<p>&nbsp;<\/p>\n<p>2022 edition. \u00a9 2010-2022 Cru. All rights reserved. No part of this app may be changed in any way or reproduced in any form without written permission from Cru.<\/p>\n<h4><\/h4>\n<h4>K\u0101 iepaz\u012bt Dievu person\u012bgi<\/h4>\n<p>\u00a9 1981- 2019, 2022 Bright Media Foundation and Cru. All rights reserved. No part of this work may be changed in any way or reproduced in any form without written permission from Cru.<br \/>\nAn adaptation of Have You Ever Heard of the Four Spiritual Laws? written by Bill Bright. \u00a9 1965 Campus Crusade for Christ, Inc. All rights reserved.<br \/>\nScripture quotations are taken from the Holy Bible, New Living Translation, copyright \u00a9 1996, 2004, 2007, 2013, 2015 by Tyndale House Foundation. Used by permission of Tyndale House Publishers, Inc., Carol Stream, Illinois 60188. All rights reserved.<\/p>\n<h4><\/h4>\n<h4>Apmierin\u0101ts?<\/h4>\n<p>\u00a9 2007-2019 Bright Media Foundation and Cru. All rights reserved. No part of this work may be changed in any way or reproduced in any form without written permission from Cru.<br \/>\nAn adaptation of Have You Made the Wonderful Discovery of the Spirit-filled Life? written by Bill Bright. \u00a9 1966 Campus Crusade for Christ, Inc. All rights reserved.<br \/>\nScripture taken from the Holy Bible, NEW INTERNATIONAL VERSION\u00ae, NIV\u00ae Copyright \u00a9 1973, 1978, 1984, 2011 by Biblica, Inc.\u00ae Used by permission. All rights reserved worldwide.<\/p>\n<h4><\/h4>\n<h4>\u010cetri gar\u012bgie likumi<\/h4>\n<p>\u00a9 1965-2019, 2022 Bright Media Foundation and Cru. All rights reserved. No part of this work may be changed in any way or reproduced in any form without written permission from Cru.<br \/>\nScripture quotations taken from the New American Standard Bible\u00ae (NASB),Copyright \u00a9 1960, 1962, 1963, 1968, 1971, 1972, 1973,1975, 1977, 1995 by The Lockman Foundation<br \/>\nUsed by permission. www.Lockman.org<\/p>\n<h4><\/h4>\n<h4>Vai j\u016bs v\u0113l\u0113tos iepaz\u012bt Dievu person\u012bgi?<\/h4>\n<p>\u00a9 2013-2019 Bright Media Foundation and Cru. All rights reserved. No part of this work may be changed in any way or reproduced in any form without written permission from Cru.<br \/>\nAn adaptation of Have You Ever Heard of the Four Spiritual Laws? written by Bill Bright. \u00a9 1965 Campus Crusade for Christ, Inc. All rights reserved. Some Scripture taken from the Holy Bible, NEW INTERNATIONAL VERSION\u00ae, NIV\u00ae Copyright \u00a9 1973, 1978, 1984, 2011 by Biblica, Inc.\u00ae Used by permission. All rights reserved worldwide. Some Scripture quotations taken from the New American Standard Bible\u00ae (NASB),Copyright \u00a9 1960, 1962, 1963, 1968, 1971, 1972, 1973,1975, 1977, 1995 by The Lockman Foundation<br \/>\nUsed by permission. www.Lockman.org<\/p>\n<h4><\/h4>\n<h4>THE FOUR (Latvie\u0161u)<\/h4>\n<p>\u00a9 2014-2019, 2022 Campus f\u00fcr Christus Schweiz. All rights reserved. No part of this work may be changed in any way or reproduced in any form without written permission from Campus f\u00fcr Christus Schweiz. Scripture taken from the Holy Bible, NEW INTERNATIONAL VERSION\u00ae, NIV\u00ae Copyright \u00a9 1973, 1978, 1984, 2011 by Biblica, Inc.\u00ae Used by permission. All rights reserved worldwide.<\/p>\n<h4><\/h4>\n<h4>Pagodin\u0101ts<\/h4>\n<p>2021 edition. \u00a9 2017-2019, 2021 Cru. All rights reserved. No part of this work may be changed in any way or reproduced in any form without written permission from Cru. Unless otherwise noted, scripture taken from the Holy Bible, NEW INTERNATIONAL READER&#8217;S VERSION\u00ae NIrV\u00ae. Copyright \u00a9 1996, 1998 Biblica. All rights reserved throughout the world. Used by permission of Biblica. Scripture marked NIV\u00ae taken from the Holy Bible, NEW INTERNATIONAL VERSION\u00ae, NIV\u00ae Copyright \u00a9 1973, 1978, 1984, 2011 by Biblica, Inc.\u00ae Used by permission. All rights reserved worldwide.<\/p>\n<h4><\/h4>\n<h4>M\u0101ci man past\u0101st\u012bt par tic\u012bbu<\/h4>\n<p>\u00a9 2018-2019, 2022 Cru. All rights reserved. No part of this work may be changed in any way or reproduced in any form without written permission from Cru. Scripture quotations are taken from the Holy Bible, New Living Translation, copyright \u00a91996, 2004, 2015 by Tyndale House Foundation. Used by permission of Tyndale House Publishers, Carol Stream, Illinois 60188. All rights reserved.<\/p>\n<h4><\/h4>\n<h4>S\u0101c sarunu ar emocijz\u012bm\u0113m<\/h4>\n<p>2022 edition. \u00a9 2019, 2022 Cru. Licensed under the Apache License, Version 2.0 (the &#8220;License&#8221;); you may not use this file except in compliance with the License. You may obtain a copy of the License at http:\/\/www.apache.org\/licenses\/LICENSE-2.0. Unless required by applicable law or agreed to in writing, software distributed under the License is distributed on an &#8220;AS IS&#8221; BASIS, WITHOUT WARRANTIES OR CONDITIONS OF ANY KIND, either express or implied. See the License for the specific language governing permissions and limitations under the License. No alterations have been made to the original Google Noto images.<\/p>\n<h4><\/h4>\n<h4>Vara p\u0101r bail\u0113m<\/h4>\n<p>\u00a9 2019, 2021 Cru. All rights reserved. No part of this work may be changed in any way or reproduced in any form without written permission from Cru. Unless otherwise noted, scripture taken from the Holy Bible, NEW INTERNATIONAL READER&#8217;S VERSION\u00ae NIrV\u00ae. Copyright \u00a9 1996, 1998 Biblica. All rights reserved throughout the world. Used by permission of Biblica. Scripture marked NIV\u00ae taken from the Holy Bible, NEW INTERNATIONAL VERSION\u00ae, NIV\u00ae Copyright \u00a9 1973, 1978, 1984, 2011 by Biblica, Inc.\u00ae Used by permission. All rights reserved worldwide.<\/p>\n<h4><\/h4>\n<h4><strong>Nodarb\u012bb\u0101s<\/strong><\/h4>\n<p>2022 edition. \u00a9 2021, 2022 Cru. No part of this work may be changed in any way or reproduced in any form without written permission from Cru. Scripture quotations are taken from the Holy Bible, New Living Translation, copyright \u00a91996, 2004, 2015 by Tyndale House Foundation. Used by permission of Tyndale House Publishers, Carol Stream, Illinois 60188. All rights reserved.<\/p>\n<h4><\/h4>\n<h4>&nbsp;<\/h4>\n<p>&nbsp;<\/p>\n<h4><\/h4>\n<h4 style=\"font-weight: 400\"><strong>The Four Fantastic Facts (digital edition)<\/strong><\/h4>\n<p style=\"font-weight: 400\">\u00a9 2022 Cru. A digital edition <em>The <\/em><em>Four Fantastic Facts<\/em> \u00a9 2005, 2013, 2022. Cru. All rights reserved. No part of this work may be changed in any way or reproduced in any form without written permission from Cru. Scriptures taken from the Holy Bible, New International Reader\u2019s Version\u00ae, NIrV\u00ae Copyright \u00a9 1995, 1996, 1998, 2014 by Biblica, Inc.\u2122 Used by permission of Zondervan.\u00a0<a href=\"https:\/\/www.zondervan.com\/\">www.zondervan.com<\/a>\u00a0The \u201cNIrV\u201d and \u201cNew International Reader\u2019s Version\u201d are trademarks registered in the United States Patent and Trademark Office by Biblica, Inc.\u2122<\/p>\n<h4><\/h4>\n<h4><b>Growth<\/b><\/h4>\n<p>\u00a92022 Campus Crusade for Christ, Inc. All rights reserved. A digital edition adapted with permission by Cru from\u00a0<i>Growth<\/i>\u00a0\u00a9 2018 Campus Crusade for Christ, Inc. Adapted with permission from\u00a0<i>Apmierin\u0101ts?<\/i>\u00a0\u00a92007-2018 and\u00a0<i>Would You Like to Know God Personally<\/i>? \u00a92003-2018 Bright Media Foundation and Campus Crusade for Christ, Inc. by Tandem Ministries New Zealand. All rights reserved. No part of this work may be changed in any way or reproduced in any form without written permission from Campus Crusade for Christ, Inc. and Tandem Ministries. Scripture quotations are taken from the Holy Bible, New Living Translation, copyright \u00a91996, 2004, 2015 by Tyndale House Foundation. Used by permission of Tyndale House Publishers, Carol Stream, Illinois 60188. All rights reserved.<\/p>\n<h4><\/h4>\n<h4><b>Connecting With God<\/b><\/h4>\n<p>\u00a92022 Cru. All rights reserved.\u00a0 A digital edition of\u00a0<i>Connecting With God<\/i> 2000-2016 Bright Media Foundation and Campus Crusade for Christ, Inc. All rights reserved.\u00a0 No part of this work may be changed in any way or reproduced in any form without written permission from Cru. Scripture quotations are taken from the Holy Bible, New Living Translation, copyright \u00a91996, 2004, 2015 by Tyndale House Foundation. Used by permission of Tyndale House Publishers, Carol Stream, Illinois 60188. All rights reserved.<\/p>\n<h4><\/h4>\n<h4><strong>The FOUR (USA)<\/strong><\/h4>\n<p>\u00a92022 Campus f\u00fcr Christus Schweiz.\u00a0 All rights reserved. A digital edition of THE FOUR(USA) \u00a92022 Campus f\u00fcr Christus Schweiz. Adapted with permission by Cru High School and Fellowship of Christian Athletes(FCA).\u00a0 No part of this work may be changed in any way or reproduced in any form without written permission from Campus f\u00fcr Christus Schweiz. Scripture taken from the Holy Bible, NEW INTERNATIONAL VERSION\u00ae, NIV\u00ae Copyright \u00a9 1973, 1978, 1984, 2011 by Biblica, Inc.\u00ae Used by permission. All rights reserved worldwide.<\/p>\n<h4><\/h4>\n<h4><b>Knowing God Personally Reconciled into God&#8217;s Family<\/b><\/h4>\n<p style=\"font-weight: 400\">\u00a92022 Athletes in Action. All rights reserved. A digital edition of\u00a0<em>Knowing God Personally Reconciled into God&#8217;s Family<\/em> \u00a92019 Athletes in Action. All rights reserved.\u00a0 No part of this work may be changed in any way or reproduced in any form without written permission from Athletes in Action and Cru. Scripture quotations are from the ESV\u00ae Bible (The Holy Bible, English Standard Version\u00ae), copyright \u00a9 2001 by Crossway, a publishing ministry of Good News Publishers. Used by permission. All rights reserved.<\/p>\n<h4><\/h4>\n<h4 style=\"font-weight: 400\"><strong>Life With Him<\/strong><\/h4>\n<p style=\"font-weight: 400\">[\u5f53\u751f\u547d\u9047\u89c1\u7942] \/ <em>Life With Him \u00a0<\/em>\u00a9 2022 Cru. All rights reserved. A digital edition of [\u5f53\u751f\u547d\u9047\u89c1\u7942] \/ <em>Life With Him\u00a0<\/em>\u00a9 2010 Campus Crusade for Christ East Asia. Adapted with permission. Contains content from <em>Have You Ever Heard of the Four Spiritual\u00a0Laws?\u00a0<\/em>written by Bill Bright. \u00a91965-2022 Bright Media Foundation and Campus Crusade for Christ, Inc. Imagery supplied by various artists via Getty Images. No part of this work may be changed in any way or reproduced in any form without written permission from Cru. Scripture taken from the Holy Bible, NEW INTERNATIONAL VERSION\u00ae, NIV\u00ae Copyright \u00a9 1973, 1978, 1984, 2011 by Biblica, Inc.\u00ae Used by permission. All rights reserved worldwide.<\/p>\n<h4><\/h4>\n<h4><strong>Filter of Hope<\/strong><\/h4>\n<div dir=\"ltr\"><i>Filter of Hope First Step &#8211; Knowing God<\/i> \u00a9 2023 Cru.\u00a0 All rights reserved.\u00a0 Created under license from Filter of Hope, Inc.<\/div>\n<div>\n<h4><\/h4>\n<h4><strong>Seen. Known. Loved.<\/strong><\/h4>\n<div dir=\"ltr\">\n<p>Seen. Known. Loved. \u00a92024 Cru. All rights reserved.<br \/>\nAn adaptation of Would You Like to Know God Personally? \u00a91976-2023 Bright Media Foundation and Cru. All rights reserved. Contains concepts and graphics from The 5 Love Languages, created by Dr. Gary Chapman \u00a91992, 2015, 2023 Gary D. Chapman. All rights reserved. Used with permission. No part of The 5 Love Languages concepts and graphics may be changed in any way or reproduced in any form without written permission from The Moody Bible Institute of Chicago. For more information, visit www.5lovelanguages.com. No part of Seen. Known. Loved. may be changed in any way or reproduced in any form without written permission from Cru. https:\/\/www.cru.org\/<\/p>\n<p>Scripture quotations marked (ESV) are from The ESV\u00ae Bible (The Holy Bible, English Standard Version\u00ae), \u00a9 2001 by Crossway, a publishing ministry of Good News Publishers. Used by permission. All rights reserved.<\/p>\n<p>Scripture quotations marked (NIV) are taken from The Holy Bible, New International Version\u00ae NIV\u00aeCopyright \u00a9 1973, 1978, 1984, 2011 by Biblica, Inc. Used with permission. All rights reserved worldwide.<\/p>\n<p>Scripture quotations marked (NASB) are taken from the (NASB\u00ae) New American Standard Bible\u00ae, Copyright \u00a9 1960, 1971, 1977, 1995 by The Lockman Foundation. Used by permission. All rights reserved. lockman.org<\/p>\n<p>Graphics made by Freepik from www.flaticon.com<br \/>\nIcons made by The Noun Project<\/p>\n<\/div>\n<\/div>\n<h4><\/h4>\n<h4>Have You Made the Wonderful Discovery of the Spirit-filled Life?<\/h4>\n<p>Have You Made the Wonderful Discovery of the Spirit-filled Life? (GodTools edition) \u00a92024 Bright Media Foundation. All rights reserved. A digital edition of Have You Made the Wonderful Discovery of the Spirit-filled Life? written by Bill Bright \u00a91966-2024 Bright Media Foundation and Campus Crusade for Christ, Inc. All rights reserved. No part of this work may be changed in any way or reproduced in any form without written permission from Cru.<\/p>\n<p>Scripture quotations marked (NIV) are taken from The Holy Bible, New International Version\u00ae NIV\u00aeCopyright \u00a9 1973, 1978, 1984, 2011 by Biblica, Inc. Used with permission. All rights reserved worldwide.<\/p>\n<p>Scripture quotations marked (NASB) are taken from the (NASB\u00ae) New American Standard Bible\u00ae, Copyright \u00a9 1960, 1971, 1977, 1995 by The Lockman Foundation. Used by permission. All rights reserved. lockman.org<\/p>","protected":false},"excerpt":{"rendered":"<p>&nbsp; GodTools app GodTools exists to help you have conversations about Jesus with the people you care about. Everyone has the ability to share the message of Jesus. Lots of us just need a little help. We\u2019re here to give you whatever help you need. The app features tools, lessons, multilingual functionality, and screen-sharing. The [&hellip;]<\/p>","protected":false},"author":5,"featured_media":0,"parent":0,"menu_order":0,"comment_status":"closed","ping_status":"closed","template":"","meta":{"_acf_changed":false,"inline_featured_image":false,"footnotes":""},"class_list":["post-539","page","type-page","status-publish","hentry"],"acf":[],"yoast_head":"<!-- This site is optimized with the Yoast SEO plugin v26.7 - https:\/\/yoast.com\/wordpress\/plugins\/seo\/ -->\n<title>Copyright - GodTools<\/title>\n<meta name=\"robots\" content=\"index, follow, max-snippet:-1, max-image-preview:large, max-video-preview:-1\" \/>\n<link rel=\"canonical\" href=\"https:\/\/godtoolsapp.com\/lv\/copyright\/\" \/>\n<meta property=\"og:locale\" content=\"lv_LV\" \/>\n<meta property=\"og:type\" content=\"article\" \/>\n<meta property=\"og:title\" content=\"Copyright - GodTools\" \/>\n<meta property=\"og:description\" content=\"&nbsp; GodTools app GodTools exists to help you have conversations about Jesus with the people you care about. Everyone has the ability to share the message of Jesus. Lots of us just need a little help. We\u2019re here to give you whatever help you need. The app features tools, lessons, multilingual functionality, and screen-sharing. The [&hellip;]\" \/>\n<meta property=\"og:url\" content=\"https:\/\/godtoolsapp.com\/lv\/copyright\/\" \/>\n<meta property=\"og:site_name\" content=\"GodTools\" \/>\n<meta property=\"article:modified_time\" content=\"2025-11-05T22:04:57+00:00\" \/>\n<meta property=\"og:image\" content=\"https:\/\/godtoolsapp.com\/wp-content\/uploads\/sites\/21\/2025\/11\/gt-copyright-image-min-1.jpg\" \/>\n\t<meta property=\"og:image:width\" content=\"2720\" \/>\n\t<meta property=\"og:image:height\" content=\"1784\" \/>\n\t<meta property=\"og:image:type\" content=\"image\/jpeg\" \/>\n<meta name=\"twitter:card\" content=\"summary_large_image\" \/>\n<meta name=\"twitter:label1\" content=\"Est. reading time\" \/>\n\t<meta name=\"twitter:data1\" content=\"9 minutes\" \/>\n<script type=\"application\/ld+json\" class=\"yoast-schema-graph\">{\"@context\":\"https:\/\/schema.org\",\"@graph\":[{\"@type\":\"WebPage\",\"@id\":\"https:\/\/godtoolsapp.com\/copyright\/\",\"url\":\"https:\/\/godtoolsapp.com\/copyright\/\",\"name\":\"Copyright - GodTools\",\"isPartOf\":{\"@id\":\"https:\/\/godtoolsapp.com\/pt\/#website\"},\"primaryImageOfPage\":{\"@id\":\"https:\/\/godtoolsapp.com\/copyright\/#primaryimage\"},\"image\":{\"@id\":\"https:\/\/godtoolsapp.com\/copyright\/#primaryimage\"},\"thumbnailUrl\":\"https:\/\/godtoolsapp.com\/wp-content\/uploads\/sites\/21\/2025\/11\/gt-copyright-image-min-1.jpg?w=1024\",\"datePublished\":\"2018-08-29T19:57:10+00:00\",\"dateModified\":\"2025-11-05T22:04:57+00:00\",\"breadcrumb\":{\"@id\":\"https:\/\/godtoolsapp.com\/copyright\/#breadcrumb\"},\"inLanguage\":\"lv\",\"potentialAction\":[{\"@type\":\"ReadAction\",\"target\":[\"https:\/\/godtoolsapp.com\/copyright\/\"]}]},{\"@type\":\"ImageObject\",\"inLanguage\":\"lv\",\"@id\":\"https:\/\/godtoolsapp.com\/copyright\/#primaryimage\",\"url\":\"https:\/\/godtoolsapp.com\/wp-content\/uploads\/sites\/21\/2025\/11\/gt-copyright-image-min-1.jpg?w=1024\",\"contentUrl\":\"https:\/\/godtoolsapp.com\/wp-content\/uploads\/sites\/21\/2025\/11\/gt-copyright-image-min-1.jpg?w=1024\"},{\"@type\":\"BreadcrumbList\",\"@id\":\"https:\/\/godtoolsapp.com\/copyright\/#breadcrumb\",\"itemListElement\":[{\"@type\":\"ListItem\",\"position\":1,\"name\":\"Home\",\"item\":\"https:\/\/godtoolsapp.com\/\"},{\"@type\":\"ListItem\",\"position\":2,\"name\":\"Copyright\"}]},{\"@type\":\"WebSite\",\"@id\":\"https:\/\/godtoolsapp.com\/pt\/#website\",\"url\":\"https:\/\/godtoolsapp.com\/pt\/\",\"name\":\"GodTools\",\"description\":\"Helping You Share Your Faith\",\"potentialAction\":[{\"@type\":\"SearchAction\",\"target\":{\"@type\":\"EntryPoint\",\"urlTemplate\":\"https:\/\/godtoolsapp.com\/pt\/?s={search_term_string}\"},\"query-input\":{\"@type\":\"PropertyValueSpecification\",\"valueRequired\":true,\"valueName\":\"search_term_string\"}}],\"inLanguage\":\"lv\"}]}<\/script>\n<!-- \/ Yoast SEO plugin. -->","yoast_head_json":{"title":"Copyright - GodTools","robots":{"index":"index","follow":"follow","max-snippet":"max-snippet:-1","max-image-preview":"max-image-preview:large","max-video-preview":"max-video-preview:-1"},"canonical":"https:\/\/godtoolsapp.com\/lv\/copyright\/","og_locale":"lv_LV","og_type":"article","og_title":"Copyright - GodTools","og_description":"&nbsp; GodTools app GodTools exists to help you have conversations about Jesus with the people you care about. Everyone has the ability to share the message of Jesus. Lots of us just need a little help. We\u2019re here to give you whatever help you need. The app features tools, lessons, multilingual functionality, and screen-sharing. The [&hellip;]","og_url":"https:\/\/godtoolsapp.com\/lv\/copyright\/","og_site_name":"GodTools","article_modified_time":"2025-11-05T22:04:57+00:00","og_image":[{"width":2720,"height":1784,"url":"https:\/\/godtoolsapp.com\/wp-content\/uploads\/sites\/21\/2025\/11\/gt-copyright-image-min-1.jpg","type":"image\/jpeg"}],"twitter_card":"summary_large_image","twitter_misc":{"Est. reading time":"9 minutes"},"schema":{"@context":"https:\/\/schema.org","@graph":[{"@type":"WebPage","@id":"https:\/\/godtoolsapp.com\/copyright\/","url":"https:\/\/godtoolsapp.com\/copyright\/","name":"Copyright - GodTools","isPartOf":{"@id":"https:\/\/godtoolsapp.com\/pt\/#website"},"primaryImageOfPage":{"@id":"https:\/\/godtoolsapp.com\/copyright\/#primaryimage"},"image":{"@id":"https:\/\/godtoolsapp.com\/copyright\/#primaryimage"},"thumbnailUrl":"https:\/\/godtoolsapp.com\/wp-content\/uploads\/sites\/21\/2025\/11\/gt-copyright-image-min-1.jpg?w=1024","datePublished":"2018-08-29T19:57:10+00:00","dateModified":"2025-11-05T22:04:57+00:00","breadcrumb":{"@id":"https:\/\/godtoolsapp.com\/copyright\/#breadcrumb"},"inLanguage":"lv","potentialAction":[{"@type":"ReadAction","target":["https:\/\/godtoolsapp.com\/copyright\/"]}]},{"@type":"ImageObject","inLanguage":"lv","@id":"https:\/\/godtoolsapp.com\/copyright\/#primaryimage","url":"https:\/\/godtoolsapp.com\/wp-content\/uploads\/sites\/21\/2025\/11\/gt-copyright-image-min-1.jpg?w=1024","contentUrl":"https:\/\/godtoolsapp.com\/wp-content\/uploads\/sites\/21\/2025\/11\/gt-copyright-image-min-1.jpg?w=1024"},{"@type":"BreadcrumbList","@id":"https:\/\/godtoolsapp.com\/copyright\/#breadcrumb","itemListElement":[{"@type":"ListItem","position":1,"name":"Home","item":"https:\/\/godtoolsapp.com\/"},{"@type":"ListItem","position":2,"name":"Copyright"}]},{"@type":"WebSite","@id":"https:\/\/godtoolsapp.com\/pt\/#website","url":"https:\/\/godtoolsapp.com\/pt\/","name":"<em>GodTools<\/em>","description":"Helping You Share Your Faith","potentialAction":[{"@type":"SearchAction","target":{"@type":"EntryPoint","urlTemplate":"https:\/\/godtoolsapp.com\/pt\/?s={search_term_string}"},"query-input":{"@type":"PropertyValueSpecification","valueRequired":true,"valueName":"search_term_string"}}],"inLanguage":"lv"}]}},"jetpack_sharing_enabled":true,"meta_box":{"_cloudsearch_visibility":"0"},"_links":{"self":[{"href":"https:\/\/godtoolsapp.com\/lv\/wp-json\/wp\/v2\/pages\/539","targetHints":{"allow":["GET"]}}],"collection":[{"href":"https:\/\/godtoolsapp.com\/lv\/wp-json\/wp\/v2\/pages"}],"about":[{"href":"https:\/\/godtoolsapp.com\/lv\/wp-json\/wp\/v2\/types\/page"}],"author":[{"embeddable":true,"href":"https:\/\/godtoolsapp.com\/lv\/wp-json\/wp\/v2\/users\/5"}],"replies":[{"embeddable":true,"href":"https:\/\/godtoolsapp.com\/lv\/wp-json\/wp\/v2\/comments?post=539"}],"version-history":[{"count":25,"href":"https:\/\/godtoolsapp.com\/lv\/wp-json\/wp\/v2\/pages\/539\/revisions"}],"predecessor-version":[{"id":6248,"href":"https:\/\/godtoolsapp.com\/lv\/wp-json\/wp\/v2\/pages\/539\/revisions\/6248"}],"wp:attachment":[{"href":"https:\/\/godtoolsapp.com\/lv\/wp-json\/wp\/v2\/media?parent=539"}],"curies":[{"name":"wp","href":"https:\/\/api.w.org\/{rel}","templated":true}]}}