{"id":2662,"date":"2022-03-28T16:55:54","date_gmt":"2022-03-28T20:55:54","guid":{"rendered":"https:\/\/godtoolsapp.com\/?page_id=2662"},"modified":"2022-06-06T14:05:02","modified_gmt":"2022-06-06T18:05:02","slug":"ngs-viet","status":"publish","type":"page","link":"https:\/\/godtoolsapp.com\/id\/ngs-viet\/","title":{"rendered":"\u0110\u0103ng k\u00fd nh\u1eadn b\u00e0i h\u1ecdc t\u1eeb GodTools"},"content":{"rendered":"<div data-elementor-type=\"wp-page\" data-elementor-id=\"2662\" class=\"elementor elementor-2662\" data-elementor-post-type=\"page\">\n\t\t\t\t\t\t<section class=\"elementor-section elementor-top-section elementor-element elementor-element-cc9c114 elementor-section-content-middle elementor-section-boxed elementor-section-height-default elementor-section-height-default\" data-id=\"cc9c114\" data-element_type=\"section\">\n\t\t\t\t\t\t<div class=\"elementor-container elementor-column-gap-default\">\n\t\t\t\t\t<div class=\"elementor-column elementor-col-50 elementor-top-column elementor-element elementor-element-8cef7e4\" data-id=\"8cef7e4\" data-element_type=\"column\">\n\t\t\t<div class=\"elementor-widget-wrap elementor-element-populated\">\n\t\t\t\t\t\t<div class=\"elementor-element elementor-element-f1880fa elementor-widget elementor-widget-heading\" data-id=\"f1880fa\" data-element_type=\"widget\" data-widget_type=\"heading.default\">\n\t\t\t\t<div class=\"elementor-widget-container\">\n\t\t\t\t\t<h2 class=\"elementor-heading-title elementor-size-default\">Sign up for the New Growth Series<\/h2>\t\t\t\t<\/div>\n\t\t\t\t<\/div>\n\t\t\t\t<div class=\"elementor-element elementor-element-822b786 elementor-widget elementor-widget-text-editor\" data-id=\"822b786\" data-element_type=\"widget\" data-widget_type=\"text-editor.default\">\n\t\t\t\t<div class=\"elementor-widget-container\">\n\t\t\t\t\t\t\t\t\t<div class=\"BlockStoryStructure-header\"><div class=\"BlockStory-headerContent\">Knowing someone better helps a relationship grow. Would you like to sign up for an email series that can help guide you in your new relationship with Jesus Christ? It&#8217;s called the New Growth Series.<\/div><\/div>\t\t\t\t\t\t\t\t<\/div>\n\t\t\t\t<\/div>\n\t\t\t\t\t<\/div>\n\t\t<\/div>\n\t\t\t\t<div class=\"elementor-column elementor-col-50 elementor-top-column elementor-element elementor-element-86b456e\" data-id=\"86b456e\" data-element_type=\"column\">\n\t\t\t<div class=\"elementor-widget-wrap elementor-element-populated\">\n\t\t\t\t\t\t<div class=\"elementor-element elementor-element-3b5ae66 elementor-widget elementor-widget-image\" data-id=\"3b5ae66\" data-element_type=\"widget\" data-widget_type=\"image.default\">\n\t\t\t\t<div class=\"elementor-widget-container\">\n\t\t\t\t\t\t\t\t\t\t\t\t\t\t\t<img decoding=\"async\" src=\"https:\/\/godtoolsapp.com\/wp-content\/uploads\/sites\/21\/2022\/03\/viet1-e1648501288671.png?w=968\" title=\"viet1\" alt=\"viet1\" loading=\"lazy\" \/>\t\t\t\t\t\t\t\t\t\t\t\t\t\t\t<\/div>\n\t\t\t\t<\/div>\n\t\t\t\t\t<\/div>\n\t\t<\/div>\n\t\t\t\t\t<\/div>\n\t\t<\/section>\n\t\t\t\t<section class=\"elementor-section elementor-top-section elementor-element elementor-element-82e6557 elementor-section-boxed elementor-section-height-default elementor-section-height-default\" data-id=\"82e6557\" data-element_type=\"section\">\n\t\t\t\t\t\t<div class=\"elementor-container elementor-column-gap-default\">\n\t\t\t\t\t<div class=\"elementor-column elementor-col-100 elementor-top-column elementor-element elementor-element-1cb8f12\" data-id=\"1cb8f12\" data-element_type=\"column\" data-settings=\"{&quot;background_background&quot;:&quot;classic&quot;}\">\n\t\t\t<div class=\"elementor-widget-wrap elementor-element-populated\">\n\t\t\t\t\t\t<div class=\"elementor-element elementor-element-26130b1 elementor-widget elementor-widget-shortcode\" data-id=\"26130b1\" data-element_type=\"widget\" data-widget_type=\"shortcode.default\">\n\t\t\t\t<div class=\"elementor-widget-container\">\n\t\t\t\t\t\t\t<div class=\"elementor-shortcode\"><!-- HFCM by 99 Robots - Snippet # 8: Adobe NGS Vietnam -->\n<div class=\"campaign-form\">\r\n  <div class=\"alert alert-danger hidden\" role=\"alert\">An issue has occurred. Please try again or contact website administrator.<\/div>\r\n  <form class=\"\" action=\"https:\/\/campaign-forms.cru.org\/forms\" method=\"post\">\r\n    <input type=\"hidden\" name=\"id\" value=\"c4b7950a-ba79-4cad-ace9-67157de4228c\"\/>\r\n        <div class=\"form-group\">\r\n  <label for=\"cf_email_address_852\">Email Address<\/label>\r\n  <input id=\"cf_email_address_852\" class=\"form-control\" type=\"email\" name=\"email_address\" placeholder=\"Email Address\" required>\r\n<\/div>\r\n\r\n        <div class=\"form-group\">\r\n  <label for=\"cf_first_name_853\">Full Name<\/label>\r\n  <input id=\"cf_first_name_853\" class=\"form-control\" type=\"text\" name=\"first_name\" placeholder=\"Full Name\" >\r\n<\/div>\r\n\r\n        <div class=\"form-group\">\r\n  <label for=\"cf_Language_855\">Language<\/label>\r\n  <select id=\"cf_Language_855\" class=\"form-control\" name=\"Language\" >\r\n        <option value=\"en_us\" >English<\/option>\r\n        <option value=\"ar_ae\" >Arabic<\/option>\r\n        <option value=\"zh_cn\" >Mandarin Chinese<\/option>\r\n        <option value=\"fr_fr\" >French<\/option>\r\n        <option value=\"ko_kr\" >Korean<\/option>\r\n        <option value=\"ru_ru\" >Russian<\/option>\r\n        <option value=\"es_es\" >Spanish<\/option>\r\n\t\t\t\t<option value=\"vi_vn\" >Vietnamese - Vietnam<\/option>\r\n\r\n  <\/select>\r\n<\/div>\r\n      <div class=\"g-recaptcha\" data-sitekey=\"6LdHDNQZAAAAAMv-iOd0hsh0bPsKWUsjcYNHWfZW\" data-callback=\"recaptchaCallback\" data-size=\"invisible\"><\/div>\r\n    <button type=\"submit\" class=\"btn btn-primary\" >Sign up<\/button>\r\n  <\/form>\r\n  <div class=\"alert alert-success hidden\" role=\"alert\"><div><strong>Congratulations!<\/strong> You have successfully subscribed.<\/div><\/div>\r\n<\/div>\r\n<small>This website is protected by reCAPTCHA and Google, in accordance with the Privacy Policy and Terms of Service.\r\n<\/small>\r\n<style>.grecaptcha-badge { visibility: hidden; } <\/style>\r\n<script src=\"https:\/\/campaign-forms.cru.org\/packs\/campaign.js\"><\/script>\r\n<script type=\"application\/javascript\" src='https:\/\/www.google.com\/recaptcha\/api.js'><\/script>\n<!-- \/end HFCM by 99 Robots -->\n<\/div>\n\t\t\t\t\t\t<\/div>\n\t\t\t\t<\/div>\n\t\t\t\t\t<\/div>\n\t\t<\/div>\n\t\t\t\t\t<\/div>\n\t\t<\/section>\n\t\t\t\t<\/div>","protected":false},"excerpt":{"rendered":"<p>Sign up for the New Growth Series Knowing someone better helps a relationship grow. Would you like to sign up for an email series that can help guide you in your new relationship with Jesus Christ? It&#8217;s called the New Growth Series.<\/p>","protected":false},"author":7579,"featured_media":0,"parent":0,"menu_order":0,"comment_status":"closed","ping_status":"closed","template":"","meta":{"_acf_changed":false,"inline_featured_image":false,"footnotes":""},"class_list":["post-2662","page","type-page","status-publish","hentry"],"acf":[],"yoast_head":"<!-- This site is optimized with the Yoast SEO plugin v26.7 - https:\/\/yoast.com\/wordpress\/plugins\/seo\/ -->\n<title>\u0110\u0103ng k\u00fd nh\u1eadn b\u00e0i h\u1ecdc t\u1eeb GodTools - GodTools<\/title>\n<meta name=\"description\" content=\"\u0110\u0103ng k\u00fd nh\u1eadn b\u00e0i h\u1ecdc t\u1eeb GodTools\" \/>\n<meta name=\"robots\" content=\"index, follow, max-snippet:-1, max-image-preview:large, max-video-preview:-1\" \/>\n<link rel=\"canonical\" href=\"https:\/\/godtoolsapp.com\/id\/ngs-viet\/\" \/>\n<meta property=\"og:locale\" content=\"id_ID\" \/>\n<meta property=\"og:type\" content=\"article\" \/>\n<meta property=\"og:title\" content=\"\u0110\u0103ng k\u00fd nh\u1eadn b\u00e0i h\u1ecdc t\u1eeb GodTools - GodTools\" \/>\n<meta property=\"og:description\" content=\"\u0110\u0103ng k\u00fd nh\u1eadn b\u00e0i h\u1ecdc t\u1eeb GodTools\" \/>\n<meta property=\"og:url\" content=\"https:\/\/godtoolsapp.com\/id\/ngs-viet\/\" \/>\n<meta property=\"og:site_name\" content=\"GodTools\" \/>\n<meta property=\"article:modified_time\" content=\"2022-06-06T18:05:02+00:00\" \/>\n<meta property=\"og:image\" content=\"https:\/\/godtoolsapp.com\/wp-content\/uploads\/sites\/21\/2022\/03\/viet1-e1648501288671.png\" \/>\n<meta name=\"twitter:card\" content=\"summary_large_image\" \/>\n<meta name=\"twitter:label1\" content=\"Est. reading time\" \/>\n\t<meta name=\"twitter:data1\" content=\"1 minute\" \/>\n<script type=\"application\/ld+json\" class=\"yoast-schema-graph\">{\"@context\":\"https:\/\/schema.org\",\"@graph\":[{\"@type\":\"WebPage\",\"@id\":\"https:\/\/godtoolsapp.com\/ngs-viet\/\",\"url\":\"https:\/\/godtoolsapp.com\/ngs-viet\/\",\"name\":\"\u0110\u0103ng k\u00fd nh\u1eadn b\u00e0i h\u1ecdc t\u1eeb GodTools - GodTools\",\"isPartOf\":{\"@id\":\"https:\/\/godtoolsapp.com\/pt\/#website\"},\"primaryImageOfPage\":{\"@id\":\"https:\/\/godtoolsapp.com\/ngs-viet\/#primaryimage\"},\"image\":{\"@id\":\"https:\/\/godtoolsapp.com\/ngs-viet\/#primaryimage\"},\"thumbnailUrl\":\"https:\/\/godtoolsapp.com\/wp-content\/uploads\/sites\/21\/2022\/03\/viet1-e1648501288671.png\",\"datePublished\":\"2022-03-28T20:55:54+00:00\",\"dateModified\":\"2022-06-06T18:05:02+00:00\",\"description\":\"\u0110\u0103ng k\u00fd nh\u1eadn b\u00e0i h\u1ecdc t\u1eeb GodTools\",\"breadcrumb\":{\"@id\":\"https:\/\/godtoolsapp.com\/ngs-viet\/#breadcrumb\"},\"inLanguage\":\"id-ID\",\"potentialAction\":[{\"@type\":\"ReadAction\",\"target\":[\"https:\/\/godtoolsapp.com\/ngs-viet\/\"]}]},{\"@type\":\"ImageObject\",\"inLanguage\":\"id-ID\",\"@id\":\"https:\/\/godtoolsapp.com\/ngs-viet\/#primaryimage\",\"url\":\"https:\/\/godtoolsapp.com\/wp-content\/uploads\/sites\/21\/2022\/03\/viet1-e1648501288671.png\",\"contentUrl\":\"https:\/\/godtoolsapp.com\/wp-content\/uploads\/sites\/21\/2022\/03\/viet1-e1648501288671.png\"},{\"@type\":\"BreadcrumbList\",\"@id\":\"https:\/\/godtoolsapp.com\/ngs-viet\/#breadcrumb\",\"itemListElement\":[{\"@type\":\"ListItem\",\"position\":1,\"name\":\"Home\",\"item\":\"https:\/\/godtoolsapp.com\/\"},{\"@type\":\"ListItem\",\"position\":2,\"name\":\"\u0110\u0103ng k\u00fd nh\u1eadn b\u00e0i h\u1ecdc t\u1eeb GodTools\"}]},{\"@type\":\"WebSite\",\"@id\":\"https:\/\/godtoolsapp.com\/pt\/#website\",\"url\":\"https:\/\/godtoolsapp.com\/pt\/\",\"name\":\"GodTools\",\"description\":\"Helping You Share Your Faith\",\"potentialAction\":[{\"@type\":\"SearchAction\",\"target\":{\"@type\":\"EntryPoint\",\"urlTemplate\":\"https:\/\/godtoolsapp.com\/pt\/?s={search_term_string}\"},\"query-input\":{\"@type\":\"PropertyValueSpecification\",\"valueRequired\":true,\"valueName\":\"search_term_string\"}}],\"inLanguage\":\"id-ID\"}]}<\/script>\n<!-- \/ Yoast SEO plugin. -->","yoast_head_json":{"title":"\u0110\u0103ng k\u00fd nh\u1eadn b\u00e0i h\u1ecdc t\u1eeb GodTools - GodTools","description":"\u0110\u0103ng k\u00fd nh\u1eadn b\u00e0i h\u1ecdc t\u1eeb GodTools","robots":{"index":"index","follow":"follow","max-snippet":"max-snippet:-1","max-image-preview":"max-image-preview:large","max-video-preview":"max-video-preview:-1"},"canonical":"https:\/\/godtoolsapp.com\/id\/ngs-viet\/","og_locale":"id_ID","og_type":"article","og_title":"\u0110\u0103ng k\u00fd nh\u1eadn b\u00e0i h\u1ecdc t\u1eeb GodTools - GodTools","og_description":"\u0110\u0103ng k\u00fd nh\u1eadn b\u00e0i h\u1ecdc t\u1eeb GodTools","og_url":"https:\/\/godtoolsapp.com\/id\/ngs-viet\/","og_site_name":"GodTools","article_modified_time":"2022-06-06T18:05:02+00:00","og_image":[{"url":"https:\/\/godtoolsapp.com\/wp-content\/uploads\/sites\/21\/2022\/03\/viet1-e1648501288671.png","type":"","width":"","height":""}],"twitter_card":"summary_large_image","twitter_misc":{"Est. reading time":"1 minute"},"schema":{"@context":"https:\/\/schema.org","@graph":[{"@type":"WebPage","@id":"https:\/\/godtoolsapp.com\/ngs-viet\/","url":"https:\/\/godtoolsapp.com\/ngs-viet\/","name":"\u0110\u0103ng k\u00fd nh\u1eadn b\u00e0i h\u1ecdc t\u1eeb GodTools - GodTools","isPartOf":{"@id":"https:\/\/godtoolsapp.com\/pt\/#website"},"primaryImageOfPage":{"@id":"https:\/\/godtoolsapp.com\/ngs-viet\/#primaryimage"},"image":{"@id":"https:\/\/godtoolsapp.com\/ngs-viet\/#primaryimage"},"thumbnailUrl":"https:\/\/godtoolsapp.com\/wp-content\/uploads\/sites\/21\/2022\/03\/viet1-e1648501288671.png","datePublished":"2022-03-28T20:55:54+00:00","dateModified":"2022-06-06T18:05:02+00:00","description":"\u0110\u0103ng k\u00fd nh\u1eadn b\u00e0i h\u1ecdc t\u1eeb GodTools","breadcrumb":{"@id":"https:\/\/godtoolsapp.com\/ngs-viet\/#breadcrumb"},"inLanguage":"id-ID","potentialAction":[{"@type":"ReadAction","target":["https:\/\/godtoolsapp.com\/ngs-viet\/"]}]},{"@type":"ImageObject","inLanguage":"id-ID","@id":"https:\/\/godtoolsapp.com\/ngs-viet\/#primaryimage","url":"https:\/\/godtoolsapp.com\/wp-content\/uploads\/sites\/21\/2022\/03\/viet1-e1648501288671.png","contentUrl":"https:\/\/godtoolsapp.com\/wp-content\/uploads\/sites\/21\/2022\/03\/viet1-e1648501288671.png"},{"@type":"BreadcrumbList","@id":"https:\/\/godtoolsapp.com\/ngs-viet\/#breadcrumb","itemListElement":[{"@type":"ListItem","position":1,"name":"Home","item":"https:\/\/godtoolsapp.com\/"},{"@type":"ListItem","position":2,"name":"\u0110\u0103ng k\u00fd nh\u1eadn b\u00e0i h\u1ecdc t\u1eeb GodTools"}]},{"@type":"WebSite","@id":"https:\/\/godtoolsapp.com\/pt\/#website","url":"https:\/\/godtoolsapp.com\/pt\/","name":"GodTools","description":"Helping You Share Your Faith","potentialAction":[{"@type":"SearchAction","target":{"@type":"EntryPoint","urlTemplate":"https:\/\/godtoolsapp.com\/pt\/?s={search_term_string}"},"query-input":{"@type":"PropertyValueSpecification","valueRequired":true,"valueName":"search_term_string"}}],"inLanguage":"id-ID"}]}},"jetpack_sharing_enabled":true,"meta_box":{"_cloudsearch_visibility":""},"_links":{"self":[{"href":"https:\/\/godtoolsapp.com\/id\/wp-json\/wp\/v2\/pages\/2662","targetHints":{"allow":["GET"]}}],"collection":[{"href":"https:\/\/godtoolsapp.com\/id\/wp-json\/wp\/v2\/pages"}],"about":[{"href":"https:\/\/godtoolsapp.com\/id\/wp-json\/wp\/v2\/types\/page"}],"author":[{"embeddable":true,"href":"https:\/\/godtoolsapp.com\/id\/wp-json\/wp\/v2\/users\/7579"}],"replies":[{"embeddable":true,"href":"https:\/\/godtoolsapp.com\/id\/wp-json\/wp\/v2\/comments?post=2662"}],"version-history":[{"count":31,"href":"https:\/\/godtoolsapp.com\/id\/wp-json\/wp\/v2\/pages\/2662\/revisions"}],"predecessor-version":[{"id":2848,"href":"https:\/\/godtoolsapp.com\/id\/wp-json\/wp\/v2\/pages\/2662\/revisions\/2848"}],"wp:attachment":[{"href":"https:\/\/godtoolsapp.com\/id\/wp-json\/wp\/v2\/media?parent=2662"}],"curies":[{"name":"wp","href":"https:\/\/api.w.org\/{rel}","templated":true}]}}