{"id":785,"date":"2020-04-08T10:46:42","date_gmt":"2020-04-08T14:46:42","guid":{"rendered":"https:\/\/godtoolsapp.com\/?page_id=785"},"modified":"2020-06-19T16:02:09","modified_gmt":"2020-06-19T20:02:09","slug":"learn","status":"publish","type":"page","link":"https:\/\/godtoolsapp.com\/fr\/learn\/","title":{"rendered":"Learn"},"content":{"rendered":"<div data-elementor-type=\"wp-page\" data-elementor-id=\"785\" class=\"elementor elementor-785\" data-elementor-post-type=\"page\">\n\t\t\t\t\t\t<section class=\"elementor-section elementor-top-section elementor-element elementor-element-62f8162 elementor-section-boxed elementor-section-height-default elementor-section-height-default\" data-id=\"62f8162\" data-element_type=\"section\">\n\t\t\t\t\t\t<div class=\"elementor-container elementor-column-gap-default\">\n\t\t\t\t\t<div class=\"elementor-column elementor-col-100 elementor-top-column elementor-element elementor-element-15e3079\" data-id=\"15e3079\" data-element_type=\"column\">\n\t\t\t<div class=\"elementor-widget-wrap elementor-element-populated\">\n\t\t\t\t\t\t<div class=\"elementor-element elementor-element-18d016d elementor-widget elementor-widget-heading\" data-id=\"18d016d\" data-element_type=\"widget\" data-widget_type=\"heading.default\">\n\t\t\t\t<div class=\"elementor-widget-container\">\n\t\t\t\t\t<h1 class=\"elementor-heading-title elementor-size-default\">Simple ways to reach out to others:<\/h1>\t\t\t\t<\/div>\n\t\t\t\t<\/div>\n\t\t\t\t\t<\/div>\n\t\t<\/div>\n\t\t\t\t\t<\/div>\n\t\t<\/section>\n\t\t\t\t<section class=\"elementor-section elementor-top-section elementor-element elementor-element-6a7b3e1 elementor-section-boxed elementor-section-height-default elementor-section-height-default\" data-id=\"6a7b3e1\" data-element_type=\"section\">\n\t\t\t\t\t\t<div class=\"elementor-container elementor-column-gap-default\">\n\t\t\t\t\t<div class=\"elementor-column elementor-col-33 elementor-top-column elementor-element elementor-element-fc209e6\" data-id=\"fc209e6\" data-element_type=\"column\">\n\t\t\t<div class=\"elementor-widget-wrap elementor-element-populated\">\n\t\t\t\t\t\t<div class=\"elementor-element elementor-element-8509cda elementor-widget elementor-widget-heading\" data-id=\"8509cda\" data-element_type=\"widget\" data-widget_type=\"heading.default\">\n\t\t\t\t<div class=\"elementor-widget-container\">\n\t\t\t\t\t<h1 class=\"elementor-heading-title elementor-size-default\">Pri\u00e8re<\/h1>\t\t\t\t<\/div>\n\t\t\t\t<\/div>\n\t\t\t\t<div class=\"elementor-element elementor-element-f56f0ac elementor-widget elementor-widget-text-editor\" data-id=\"f56f0ac\" data-element_type=\"widget\" data-widget_type=\"text-editor.default\">\n\t\t\t\t<div class=\"elementor-widget-container\">\n\t\t\t\t\t\t\t\t\t<p>Chacun peut prier pour quelqu'un.<\/p><p>Qui est l\u00e0 sur ton lieu de travail, dans ton \u00e9cole, dans ton quartier, ou dans ta famille ? Commencez \u00e0 prier pour une liste de cinq personnes.<\/p>\t\t\t\t\t\t\t\t<\/div>\n\t\t\t\t<\/div>\n\t\t\t\t\t<\/div>\n\t\t<\/div>\n\t\t\t\t<div class=\"elementor-column elementor-col-33 elementor-top-column elementor-element elementor-element-dd35ce9\" data-id=\"dd35ce9\" data-element_type=\"column\">\n\t\t\t<div class=\"elementor-widget-wrap elementor-element-populated\">\n\t\t\t\t\t\t<div class=\"elementor-element elementor-element-58f8ada elementor-widget elementor-widget-heading\" data-id=\"58f8ada\" data-element_type=\"widget\" data-widget_type=\"heading.default\">\n\t\t\t\t<div class=\"elementor-widget-container\">\n\t\t\t\t\t<h1 class=\"elementor-heading-title elementor-size-default\">Prendre Soin<\/h1>\t\t\t\t<\/div>\n\t\t\t\t<\/div>\n\t\t\t\t<div class=\"elementor-element elementor-element-6ce77fd elementor-widget elementor-widget-text-editor\" data-id=\"6ce77fd\" data-element_type=\"widget\" data-widget_type=\"text-editor.default\">\n\t\t\t\t<div class=\"elementor-widget-container\">\n\t\t\t\t\t\t\t\t\t<p>Chacun peut montrer \u00e0 quelqu'un qu'il prend soin.<\/p><p>Qui pourriez-vous aider ? Apportez un r\u00e9pas,  accueillez un voisin nouveau, invitez pour un caf\u00e9, solutionnez un besoin. Soyez alert aux fa\u00e7ons que vous pouvez prendre soin et passer \u00e0 l'action.<\/p>\t\t\t\t\t\t\t\t<\/div>\n\t\t\t\t<\/div>\n\t\t\t\t\t<\/div>\n\t\t<\/div>\n\t\t\t\t<div class=\"elementor-column elementor-col-33 elementor-top-column elementor-element elementor-element-4a06c4d\" data-id=\"4a06c4d\" data-element_type=\"column\">\n\t\t\t<div class=\"elementor-widget-wrap elementor-element-populated\">\n\t\t\t\t\t\t<div class=\"elementor-element elementor-element-648543c elementor-widget elementor-widget-heading\" data-id=\"648543c\" data-element_type=\"widget\" data-widget_type=\"heading.default\">\n\t\t\t\t<div class=\"elementor-widget-container\">\n\t\t\t\t\t<h1 class=\"elementor-heading-title elementor-size-default\">Partager<\/h1>\t\t\t\t<\/div>\n\t\t\t\t<\/div>\n\t\t\t\t<div class=\"elementor-element elementor-element-19eaa44 elementor-widget elementor-widget-text-editor\" data-id=\"19eaa44\" data-element_type=\"widget\" data-widget_type=\"text-editor.default\">\n\t\t\t\t<div class=\"elementor-widget-container\">\n\t\t\t\t\t\t\t\t\t<p>Chacun peut partager avec quelqu'un.<\/p><p class=\"translation-block\">Who is someone you would like to share Jesus with? You can learn to share your <a href=\"https:\/\/www.cru.org\/us\/en\/train-and-grow\/share-the-gospel\/evangelism-principles\/10-tips-for-sharing-your-testimony-with-others.html\" target=\"_self\">testimony<\/a> and\/or initiate a <a href=\"https:\/\/knowgod.com\/en\/teachmetoshare\" target=\"_self\">conversation about the gospel.&nbsp;<\/a><\/p>\t\t\t\t\t\t\t\t<\/div>\n\t\t\t\t<\/div>\n\t\t\t\t\t<\/div>\n\t\t<\/div>\n\t\t\t\t\t<\/div>\n\t\t<\/section>\n\t\t\t\t<section class=\"elementor-section elementor-top-section elementor-element elementor-element-274e151 elementor-section-boxed elementor-section-height-default elementor-section-height-default\" data-id=\"274e151\" data-element_type=\"section\">\n\t\t\t\t\t\t<div class=\"elementor-container elementor-column-gap-default\">\n\t\t\t\t\t<div class=\"elementor-column elementor-col-50 elementor-top-column elementor-element elementor-element-4c46308\" data-id=\"4c46308\" data-element_type=\"column\">\n\t\t\t<div class=\"elementor-widget-wrap elementor-element-populated\">\n\t\t\t\t\t\t<div class=\"elementor-element elementor-element-08052ac elementor-widget elementor-widget-heading\" data-id=\"08052ac\" data-element_type=\"widget\" data-widget_type=\"heading.default\">\n\t\t\t\t<div class=\"elementor-widget-container\">\n\t\t\t\t\t<h1 class=\"elementor-heading-title elementor-size-default\">Learn from others<\/h1>\t\t\t\t<\/div>\n\t\t\t\t<\/div>\n\t\t\t\t<div class=\"elementor-element elementor-element-3e0d8f6 elementor-widget elementor-widget-text-editor\" data-id=\"3e0d8f6\" data-element_type=\"widget\" data-widget_type=\"text-editor.default\">\n\t\t\t\t<div class=\"elementor-widget-container\">\n\t\t\t\t\t\t\t\t\t<p><a href=\"https:\/\/www.youtube.com\/watch?time_continue=1089&amp;v=nOQmCvXCfTI&amp;feature=emb_logo\">Watch this video<\/a> to learn how to have a conversation about Jesus using the GodTools app.\u00a0<\/p><p><a href=\"https:\/\/www.youtube.com\/watch?v=uIwHrTs1Z6w\">Watch this video<\/a> to learn about doing ministry from a distance. It&#8217;s a webinar that took place on March 28, 2020<\/p>\t\t\t\t\t\t\t\t<\/div>\n\t\t\t\t<\/div>\n\t\t\t\t\t<\/div>\n\t\t<\/div>\n\t\t\t\t<div class=\"elementor-column elementor-col-50 elementor-top-column elementor-element elementor-element-b1f5cbb\" data-id=\"b1f5cbb\" data-element_type=\"column\">\n\t\t\t<div class=\"elementor-widget-wrap elementor-element-populated\">\n\t\t\t\t\t\t<div class=\"elementor-element elementor-element-6d02293 elementor-widget elementor-widget-image\" data-id=\"6d02293\" data-element_type=\"widget\" data-widget_type=\"image.default\">\n\t\t\t\t<div class=\"elementor-widget-container\">\n\t\t\t\t\t\t\t\t\t\t\t\t\t\t\t<img decoding=\"async\" src=\"https:\/\/godtoolsapp.com\/wp-content\/uploads\/sites\/21\/2020\/04\/why-digital-banner.png?w=671\" title=\"why-digital-banner\" alt=\"why-digital-banner\" loading=\"lazy\" \/>\t\t\t\t\t\t\t\t\t\t\t\t\t\t\t<\/div>\n\t\t\t\t<\/div>\n\t\t\t\t\t<\/div>\n\t\t<\/div>\n\t\t\t\t\t<\/div>\n\t\t<\/section>\n\t\t\t\t<\/div>","protected":false},"excerpt":{"rendered":"<p>Simple ways to reach out to others: Pray Everyone can pray for someone. Who is someone in your workplace, school, neighborhood or in your family? Start with a prayer list of five. Care Everyone can show someone they care. Who is someone you could help? Take a meal, welcome a new neighbor, invite for coffee, [&hellip;]<\/p>","protected":false},"author":7579,"featured_media":0,"parent":0,"menu_order":0,"comment_status":"closed","ping_status":"closed","template":"","meta":{"_acf_changed":false,"inline_featured_image":false,"footnotes":""},"class_list":["post-785","page","type-page","status-publish","hentry"],"acf":[],"yoast_head":"<!-- This site is optimized with the Yoast SEO plugin v26.7 - https:\/\/yoast.com\/wordpress\/plugins\/seo\/ -->\n<title>Learn - GodTools<\/title>\n<meta name=\"robots\" content=\"index, follow, max-snippet:-1, max-image-preview:large, max-video-preview:-1\" \/>\n<link rel=\"canonical\" href=\"https:\/\/godtoolsapp.com\/fr\/learn\/\" \/>\n<meta property=\"og:locale\" content=\"fr_FR\" \/>\n<meta property=\"og:type\" content=\"article\" \/>\n<meta property=\"og:title\" content=\"Learn - GodTools\" \/>\n<meta property=\"og:description\" content=\"Simple ways to reach out to others: Pray Everyone can pray for someone. Who is someone in your workplace, school, neighborhood or in your family? Start with a prayer list of five. Care Everyone can show someone they care. Who is someone you could help? Take a meal, welcome a new neighbor, invite for coffee, [&hellip;]\" \/>\n<meta property=\"og:url\" content=\"https:\/\/godtoolsapp.com\/fr\/learn\/\" \/>\n<meta property=\"og:site_name\" content=\"GodTools\" \/>\n<meta property=\"article:modified_time\" content=\"2020-06-19T20:02:09+00:00\" \/>\n<meta property=\"og:image\" content=\"https:\/\/godtoolsapp.com\/wp-content\/uploads\/sites\/21\/2020\/04\/why-digital-banner.png\" \/>\n<meta name=\"twitter:card\" content=\"summary_large_image\" \/>\n<meta name=\"twitter:label1\" content=\"Dur\u00e9e de lecture estim\u00e9e\" \/>\n\t<meta name=\"twitter:data1\" content=\"1 minute\" \/>\n<script type=\"application\/ld+json\" class=\"yoast-schema-graph\">{\"@context\":\"https:\/\/schema.org\",\"@graph\":[{\"@type\":\"WebPage\",\"@id\":\"https:\/\/godtoolsapp.com\/learn\/\",\"url\":\"https:\/\/godtoolsapp.com\/learn\/\",\"name\":\"Learn - GodTools\",\"isPartOf\":{\"@id\":\"https:\/\/godtoolsapp.com\/pt\/#website\"},\"primaryImageOfPage\":{\"@id\":\"https:\/\/godtoolsapp.com\/learn\/#primaryimage\"},\"image\":{\"@id\":\"https:\/\/godtoolsapp.com\/learn\/#primaryimage\"},\"thumbnailUrl\":\"https:\/\/godtoolsapp.com\/wp-content\/uploads\/sites\/21\/2020\/04\/why-digital-banner.png\",\"datePublished\":\"2020-04-08T14:46:42+00:00\",\"dateModified\":\"2020-06-19T20:02:09+00:00\",\"breadcrumb\":{\"@id\":\"https:\/\/godtoolsapp.com\/learn\/#breadcrumb\"},\"inLanguage\":\"fr-FR\",\"potentialAction\":[{\"@type\":\"ReadAction\",\"target\":[\"https:\/\/godtoolsapp.com\/learn\/\"]}]},{\"@type\":\"ImageObject\",\"inLanguage\":\"fr-FR\",\"@id\":\"https:\/\/godtoolsapp.com\/learn\/#primaryimage\",\"url\":\"https:\/\/godtoolsapp.com\/wp-content\/uploads\/sites\/21\/2020\/04\/why-digital-banner.png\",\"contentUrl\":\"https:\/\/godtoolsapp.com\/wp-content\/uploads\/sites\/21\/2020\/04\/why-digital-banner.png\"},{\"@type\":\"BreadcrumbList\",\"@id\":\"https:\/\/godtoolsapp.com\/learn\/#breadcrumb\",\"itemListElement\":[{\"@type\":\"ListItem\",\"position\":1,\"name\":\"Home\",\"item\":\"https:\/\/godtoolsapp.com\/\"},{\"@type\":\"ListItem\",\"position\":2,\"name\":\"Learn\"}]},{\"@type\":\"WebSite\",\"@id\":\"https:\/\/godtoolsapp.com\/pt\/#website\",\"url\":\"https:\/\/godtoolsapp.com\/pt\/\",\"name\":\"GodTools\",\"description\":\"Helping You Share Your Faith\",\"potentialAction\":[{\"@type\":\"SearchAction\",\"target\":{\"@type\":\"EntryPoint\",\"urlTemplate\":\"https:\/\/godtoolsapp.com\/pt\/?s={search_term_string}\"},\"query-input\":{\"@type\":\"PropertyValueSpecification\",\"valueRequired\":true,\"valueName\":\"search_term_string\"}}],\"inLanguage\":\"fr-FR\"}]}<\/script>\n<!-- \/ Yoast SEO plugin. -->","yoast_head_json":{"title":"Learn - GodTools","robots":{"index":"index","follow":"follow","max-snippet":"max-snippet:-1","max-image-preview":"max-image-preview:large","max-video-preview":"max-video-preview:-1"},"canonical":"https:\/\/godtoolsapp.com\/fr\/learn\/","og_locale":"fr_FR","og_type":"article","og_title":"Learn - GodTools","og_description":"Simple ways to reach out to others: Pray Everyone can pray for someone. Who is someone in your workplace, school, neighborhood or in your family? Start with a prayer list of five. Care Everyone can show someone they care. Who is someone you could help? Take a meal, welcome a new neighbor, invite for coffee, [&hellip;]","og_url":"https:\/\/godtoolsapp.com\/fr\/learn\/","og_site_name":"GodTools","article_modified_time":"2020-06-19T20:02:09+00:00","og_image":[{"url":"https:\/\/godtoolsapp.com\/wp-content\/uploads\/sites\/21\/2020\/04\/why-digital-banner.png","type":"","width":"","height":""}],"twitter_card":"summary_large_image","twitter_misc":{"Dur\u00e9e de lecture estim\u00e9e":"1 minute"},"schema":{"@context":"https:\/\/schema.org","@graph":[{"@type":"WebPage","@id":"https:\/\/godtoolsapp.com\/learn\/","url":"https:\/\/godtoolsapp.com\/learn\/","name":"Learn - GodTools","isPartOf":{"@id":"https:\/\/godtoolsapp.com\/pt\/#website"},"primaryImageOfPage":{"@id":"https:\/\/godtoolsapp.com\/learn\/#primaryimage"},"image":{"@id":"https:\/\/godtoolsapp.com\/learn\/#primaryimage"},"thumbnailUrl":"https:\/\/godtoolsapp.com\/wp-content\/uploads\/sites\/21\/2020\/04\/why-digital-banner.png","datePublished":"2020-04-08T14:46:42+00:00","dateModified":"2020-06-19T20:02:09+00:00","breadcrumb":{"@id":"https:\/\/godtoolsapp.com\/learn\/#breadcrumb"},"inLanguage":"fr-FR","potentialAction":[{"@type":"ReadAction","target":["https:\/\/godtoolsapp.com\/learn\/"]}]},{"@type":"ImageObject","inLanguage":"fr-FR","@id":"https:\/\/godtoolsapp.com\/learn\/#primaryimage","url":"https:\/\/godtoolsapp.com\/wp-content\/uploads\/sites\/21\/2020\/04\/why-digital-banner.png","contentUrl":"https:\/\/godtoolsapp.com\/wp-content\/uploads\/sites\/21\/2020\/04\/why-digital-banner.png"},{"@type":"BreadcrumbList","@id":"https:\/\/godtoolsapp.com\/learn\/#breadcrumb","itemListElement":[{"@type":"ListItem","position":1,"name":"Home","item":"https:\/\/godtoolsapp.com\/"},{"@type":"ListItem","position":2,"name":"Learn"}]},{"@type":"WebSite","@id":"https:\/\/godtoolsapp.com\/pt\/#website","url":"https:\/\/godtoolsapp.com\/pt\/","name":"GodTools","description":"Helping You Share Your Faith","potentialAction":[{"@type":"SearchAction","target":{"@type":"EntryPoint","urlTemplate":"https:\/\/godtoolsapp.com\/pt\/?s={search_term_string}"},"query-input":{"@type":"PropertyValueSpecification","valueRequired":true,"valueName":"search_term_string"}}],"inLanguage":"fr-FR"}]}},"jetpack_sharing_enabled":true,"meta_box":{"_cloudsearch_visibility":""},"_links":{"self":[{"href":"https:\/\/godtoolsapp.com\/fr\/wp-json\/wp\/v2\/pages\/785","targetHints":{"allow":["GET"]}}],"collection":[{"href":"https:\/\/godtoolsapp.com\/fr\/wp-json\/wp\/v2\/pages"}],"about":[{"href":"https:\/\/godtoolsapp.com\/fr\/wp-json\/wp\/v2\/types\/page"}],"author":[{"embeddable":true,"href":"https:\/\/godtoolsapp.com\/fr\/wp-json\/wp\/v2\/users\/7579"}],"replies":[{"embeddable":true,"href":"https:\/\/godtoolsapp.com\/fr\/wp-json\/wp\/v2\/comments?post=785"}],"version-history":[{"count":22,"href":"https:\/\/godtoolsapp.com\/fr\/wp-json\/wp\/v2\/pages\/785\/revisions"}],"predecessor-version":[{"id":860,"href":"https:\/\/godtoolsapp.com\/fr\/wp-json\/wp\/v2\/pages\/785\/revisions\/860"}],"wp:attachment":[{"href":"https:\/\/godtoolsapp.com\/fr\/wp-json\/wp\/v2\/media?parent=785"}],"curies":[{"name":"wp","href":"https:\/\/api.w.org\/{rel}","templated":true}]}}