{"id":4790,"date":"2024-03-05T11:54:56","date_gmt":"2024-03-05T16:54:56","guid":{"rendered":"https:\/\/godtoolsapp.com\/?page_id=4790"},"modified":"2024-03-05T11:55:00","modified_gmt":"2024-03-05T16:55:00","slug":"language-updates-2024","status":"publish","type":"page","link":"https:\/\/godtoolsapp.com\/fr\/language-updates-2024\/","title":{"rendered":"Language updates 2024"},"content":{"rendered":"<div data-elementor-type=\"wp-page\" data-elementor-id=\"4790\" class=\"elementor elementor-4790\" data-elementor-post-type=\"page\">\n\t\t\t\t\t\t<section class=\"elementor-section elementor-top-section elementor-element elementor-element-f0914be elementor-section-full_width elementor-section-stretched elementor-section-height-default elementor-section-height-default\" data-id=\"f0914be\" data-element_type=\"section\" data-settings=\"{&quot;stretch_section&quot;:&quot;section-stretched&quot;,&quot;background_background&quot;:&quot;classic&quot;}\">\n\t\t\t\t\t\t<div class=\"elementor-container elementor-column-gap-default\">\n\t\t\t\t\t<div class=\"elementor-column elementor-col-100 elementor-top-column elementor-element elementor-element-4c4118d\" data-id=\"4c4118d\" data-element_type=\"column\">\n\t\t\t<div class=\"elementor-widget-wrap elementor-element-populated\">\n\t\t\t\t\t\t<section class=\"elementor-section elementor-inner-section elementor-element elementor-element-66c0576 elementor-section-boxed elementor-section-height-default elementor-section-height-default\" data-id=\"66c0576\" data-element_type=\"section\">\n\t\t\t\t\t\t<div class=\"elementor-container elementor-column-gap-default\">\n\t\t\t\t\t<div class=\"elementor-column elementor-col-50 elementor-inner-column elementor-element elementor-element-226c756\" data-id=\"226c756\" data-element_type=\"column\">\n\t\t\t<div class=\"elementor-widget-wrap elementor-element-populated\">\n\t\t\t\t\t\t<div class=\"elementor-element elementor-element-9d62a11 elementor-widget elementor-widget-text-editor\" data-id=\"9d62a11\" data-element_type=\"widget\" data-widget_type=\"text-editor.default\">\n\t\t\t\t<div class=\"elementor-widget-container\">\n\t\t\t\t\t\t\t\t\t<h1>Am\u00e9liorations linguistiques de GodTools\u00a0<\/h1>\t\t\t\t\t\t\t\t<\/div>\n\t\t\t\t<\/div>\n\t\t\t\t\t<\/div>\n\t\t<\/div>\n\t\t\t\t<div class=\"elementor-column elementor-col-50 elementor-inner-column elementor-element elementor-element-196b6aa\" data-id=\"196b6aa\" data-element_type=\"column\">\n\t\t\t<div class=\"elementor-widget-wrap\">\n\t\t\t\t\t\t\t<\/div>\n\t\t<\/div>\n\t\t\t\t\t<\/div>\n\t\t<\/section>\n\t\t\t\t\t<\/div>\n\t\t<\/div>\n\t\t\t\t\t<\/div>\n\t\t<\/section>\n\t\t\t\t<section class=\"elementor-section elementor-top-section elementor-element elementor-element-1f2c03c elementor-section-boxed elementor-section-height-default elementor-section-height-default\" data-id=\"1f2c03c\" data-element_type=\"section\">\n\t\t\t\t\t\t<div class=\"elementor-container elementor-column-gap-default\">\n\t\t\t\t\t<div class=\"elementor-column elementor-col-100 elementor-top-column elementor-element elementor-element-3a5c8e2\" data-id=\"3a5c8e2\" data-element_type=\"column\">\n\t\t\t<div class=\"elementor-widget-wrap elementor-element-populated\">\n\t\t\t\t\t\t<div class=\"elementor-element elementor-element-9942a01 elementor-widget elementor-widget-text-editor\" data-id=\"9942a01\" data-element_type=\"widget\" data-widget_type=\"text-editor.default\">\n\t\t\t\t<div class=\"elementor-widget-container\">\n\t\t\t\t\t\t\t\t\t<h2 class=\"TypographyPresentation TypographyPresentation--m RichText3-paragraph--withVSpacingNormal RichText3-paragraph\">Afin de vous offrir une meilleure exp\u00e9rience linguistique, nous avons apport\u00e9 quelques am\u00e9liorations<\/h2><h4 class=\"TypographyPresentation TypographyPresentation--m RichText3-paragraph--withVSpacingNormal RichText3-paragraph\">En voici quelques exemples :<\/h4>\t\t\t\t\t\t\t\t<\/div>\n\t\t\t\t<\/div>\n\t\t\t\t\t<\/div>\n\t\t<\/div>\n\t\t\t\t\t<\/div>\n\t\t<\/section>\n\t\t\t\t<section class=\"elementor-section elementor-top-section elementor-element elementor-element-a7daa89 elementor-section-boxed elementor-section-height-default elementor-section-height-default\" data-id=\"a7daa89\" data-element_type=\"section\">\n\t\t\t\t\t\t<div class=\"elementor-container elementor-column-gap-default\">\n\t\t\t\t\t<div class=\"elementor-column elementor-col-33 elementor-top-column elementor-element elementor-element-24013b2\" data-id=\"24013b2\" data-element_type=\"column\">\n\t\t\t<div class=\"elementor-widget-wrap elementor-element-populated\">\n\t\t\t\t\t\t<div class=\"elementor-element elementor-element-6dd4b3c elementor-widget elementor-widget-image\" data-id=\"6dd4b3c\" data-element_type=\"widget\" data-widget_type=\"image.default\">\n\t\t\t\t<div class=\"elementor-widget-container\">\n\t\t\t\t\t\t\t\t\t\t\t\t\t\t\t<img decoding=\"async\" src=\"https:\/\/godtoolsapp.com\/wp-content\/uploads\/sites\/21\/2024\/03\/applang-update.png?w=1200\" title=\"applang-update\" alt=\"applang-update\" loading=\"lazy\" \/>\t\t\t\t\t\t\t\t\t\t\t\t\t\t\t<\/div>\n\t\t\t\t<\/div>\n\t\t\t\t<div class=\"elementor-element elementor-element-186f344 elementor-widget elementor-widget-text-editor\" data-id=\"186f344\" data-element_type=\"widget\" data-widget_type=\"text-editor.default\">\n\t\t\t\t<div class=\"elementor-widget-container\">\n\t\t\t\t\t\t\t\t\t<h6>La langue principale est d\u00e9sormais appel\u00e9e langue de l'application<\/h6><p>S\u00e9lectionnez une langue enti\u00e8rement traduite pour naviguer dans GodTools<\/p>\t\t\t\t\t\t\t\t<\/div>\n\t\t\t\t<\/div>\n\t\t\t\t\t<\/div>\n\t\t<\/div>\n\t\t\t\t<div class=\"elementor-column elementor-col-33 elementor-top-column elementor-element elementor-element-a5dca53\" data-id=\"a5dca53\" data-element_type=\"column\">\n\t\t\t<div class=\"elementor-widget-wrap elementor-element-populated\">\n\t\t\t\t\t\t<div class=\"elementor-element elementor-element-7445dc8 elementor-widget elementor-widget-image\" data-id=\"7445dc8\" data-element_type=\"widget\" data-widget_type=\"image.default\">\n\t\t\t\t<div class=\"elementor-widget-container\">\n\t\t\t\t\t\t\t\t\t\t\t\t\t\t\t<img decoding=\"async\" src=\"https:\/\/godtoolsapp.com\/wp-content\/uploads\/sites\/21\/2024\/03\/langfilter-update.png?w=1200\" title=\"langfilter-update\" alt=\"langfilter-update\" loading=\"lazy\" \/>\t\t\t\t\t\t\t\t\t\t\t\t\t\t\t<\/div>\n\t\t\t\t<\/div>\n\t\t\t\t<div class=\"elementor-element elementor-element-eeaa9ea elementor-widget elementor-widget-text-editor\" data-id=\"eeaa9ea\" data-element_type=\"widget\" data-widget_type=\"text-editor.default\">\n\t\t\t\t<div class=\"elementor-widget-container\">\n\t\t\t\t\t\t\t\t\t<h6>Filtrer les outils par langue<\/h6><p>Find tools in the 100+ other languages GodTools has.\tTrouvez des outils dans la centaine de langues que compte GodTools.<\/p>\t\t\t\t\t\t\t\t<\/div>\n\t\t\t\t<\/div>\n\t\t\t\t\t<\/div>\n\t\t<\/div>\n\t\t\t\t<div class=\"elementor-column elementor-col-33 elementor-top-column elementor-element elementor-element-388a90d\" data-id=\"388a90d\" data-element_type=\"column\">\n\t\t\t<div class=\"elementor-widget-wrap elementor-element-populated\">\n\t\t\t\t\t\t<div class=\"elementor-element elementor-element-cef093a elementor-widget elementor-widget-image\" data-id=\"cef093a\" data-element_type=\"widget\" data-widget_type=\"image.default\">\n\t\t\t\t<div class=\"elementor-widget-container\">\n\t\t\t\t\t\t\t\t\t\t\t\t\t\t\t<img decoding=\"async\" src=\"https:\/\/godtoolsapp.com\/wp-content\/uploads\/sites\/21\/2024\/03\/langdownload-update.png?w=1200\" title=\"langdownload-update\" alt=\"langdownload-update\" loading=\"lazy\" \/>\t\t\t\t\t\t\t\t\t\t\t\t\t\t\t<\/div>\n\t\t\t\t<\/div>\n\t\t\t\t<div class=\"elementor-element elementor-element-f999e9a elementor-widget elementor-widget-text-editor\" data-id=\"f999e9a\" data-element_type=\"widget\" data-widget_type=\"text-editor.default\">\n\t\t\t\t<div class=\"elementor-widget-container\">\n\t\t\t\t\t\t\t\t\t<h6>T\u00e9l\u00e9charger des langues<\/h6><p>T\u00e9l\u00e9chargez des ensembles complets de ressources par langue afin de pouvoir utiliser l'application hors ligne.<\/p>\t\t\t\t\t\t\t\t<\/div>\n\t\t\t\t<\/div>\n\t\t\t\t\t<\/div>\n\t\t<\/div>\n\t\t\t\t\t<\/div>\n\t\t<\/section>\n\t\t\t\t<section class=\"elementor-section elementor-top-section elementor-element elementor-element-f6b7a0f elementor-section-content-middle elementor-section-boxed elementor-section-height-default elementor-section-height-default\" data-id=\"f6b7a0f\" data-element_type=\"section\">\n\t\t\t\t\t\t<div class=\"elementor-container elementor-column-gap-default\">\n\t\t\t\t\t<div class=\"elementor-column elementor-col-50 elementor-top-column elementor-element elementor-element-0cdde7b\" data-id=\"0cdde7b\" data-element_type=\"column\">\n\t\t\t<div class=\"elementor-widget-wrap elementor-element-populated\">\n\t\t\t\t\t\t<div class=\"elementor-element elementor-element-3dafcdb elementor-widget elementor-widget-text-editor\" data-id=\"3dafcdb\" data-element_type=\"widget\" data-widget_type=\"text-editor.default\">\n\t\t\t\t<div class=\"elementor-widget-container\">\n\t\t\t\t\t\t\t\t\t<h3>Conseil 1 :<\/h3><p>Pour personnaliser votre exp\u00e9rience, vous pouvez effectuer des changements dans le menu des param\u00e8tres <img decoding=\"async\" class=\"alignnone wp-image-4805\" src=\"https:\/\/godtoolsapp.com\/wp-content\/uploads\/sites\/21\/2024\/03\/menu.png\" alt=\"\" width=\"30\" height=\"30\" srcset=\"https:\/\/godtoolsapp.com\/wp-content\/uploads\/sites\/21\/2024\/03\/menu.png 66w, https:\/\/godtoolsapp.com\/wp-content\/uploads\/sites\/21\/2024\/03\/menu.png?resize=12,12 12w\" sizes=\"(max-width: 30px) 100vw, 30px\" \/> situ\u00e9 en haut \u00e0 gauche, &gt;G\u00e9n\u00e9ral &gt; Param\u00e8tres de langue.\u00a0<\/p>\t\t\t\t\t\t\t\t<\/div>\n\t\t\t\t<\/div>\n\t\t\t\t\t<\/div>\n\t\t<\/div>\n\t\t\t\t<div class=\"elementor-column elementor-col-50 elementor-top-column elementor-element elementor-element-e967781\" data-id=\"e967781\" data-element_type=\"column\">\n\t\t\t<div class=\"elementor-widget-wrap elementor-element-populated\">\n\t\t\t\t\t\t<div class=\"elementor-element elementor-element-6f415ac elementor-widget elementor-widget-image\" data-id=\"6f415ac\" data-element_type=\"widget\" data-widget_type=\"image.default\">\n\t\t\t\t<div class=\"elementor-widget-container\">\n\t\t\t\t\t\t\t\t\t\t\t\t\t\t\t<img decoding=\"async\" src=\"https:\/\/godtoolsapp.com\/wp-content\/uploads\/sites\/21\/2024\/03\/menu-mockup.png?w=1373\" title=\"menu-mockup\" alt=\"menu-mockup\" loading=\"lazy\" \/>\t\t\t\t\t\t\t\t\t\t\t\t\t\t\t<\/div>\n\t\t\t\t<\/div>\n\t\t\t\t\t<\/div>\n\t\t<\/div>\n\t\t\t\t\t<\/div>\n\t\t<\/section>\n\t\t\t\t<section class=\"elementor-section elementor-top-section elementor-element elementor-element-baecf2a elementor-section-content-middle elementor-section-boxed elementor-section-height-default elementor-section-height-default\" data-id=\"baecf2a\" data-element_type=\"section\">\n\t\t\t\t\t\t<div class=\"elementor-container elementor-column-gap-default\">\n\t\t\t\t\t<div class=\"elementor-column elementor-col-50 elementor-top-column elementor-element elementor-element-c8e9243\" data-id=\"c8e9243\" data-element_type=\"column\">\n\t\t\t<div class=\"elementor-widget-wrap elementor-element-populated\">\n\t\t\t\t\t\t<div class=\"elementor-element elementor-element-79ae6b6 elementor-widget elementor-widget-image\" data-id=\"79ae6b6\" data-element_type=\"widget\" data-widget_type=\"image.default\">\n\t\t\t\t<div class=\"elementor-widget-container\">\n\t\t\t\t\t\t\t\t\t\t\t\t\t\t\t<img decoding=\"async\" src=\"https:\/\/godtoolsapp.com\/wp-content\/uploads\/sites\/21\/2024\/03\/tooloptions-mockup.png?w=1301\" title=\"tooloptions-mockup\" alt=\"tooloptions-mockup\" loading=\"lazy\" \/>\t\t\t\t\t\t\t\t\t\t\t\t\t\t\t<\/div>\n\t\t\t\t<\/div>\n\t\t\t\t\t<\/div>\n\t\t<\/div>\n\t\t\t\t<div class=\"elementor-column elementor-col-50 elementor-top-column elementor-element elementor-element-d29f3fd\" data-id=\"d29f3fd\" data-element_type=\"column\">\n\t\t\t<div class=\"elementor-widget-wrap elementor-element-populated\">\n\t\t\t\t\t\t<div class=\"elementor-element elementor-element-03c194d elementor-widget elementor-widget-text-editor\" data-id=\"03c194d\" data-element_type=\"widget\" data-widget_type=\"text-editor.default\">\n\t\t\t\t<div class=\"elementor-widget-container\">\n\t\t\t\t\t\t\t\t\t<h3>Conseil 2 :<\/h3><p class=\"translation-block\">While in a tool, you can change the language at any time by clicking on the <img loading=\"lazy\" decoding=\"async\" class=\"alignnone wp-image-4793\" src=\"https:\/\/godtoolsapp.com\/wp-content\/uploads\/sites\/21\/2024\/03\/tooloptions-button.png\" alt=\"\" width=\"30\" height=\"30\" srcset=\"https:\/\/godtoolsapp.com\/wp-content\/uploads\/sites\/21\/2024\/03\/tooloptions-button.png 69w, https:\/\/godtoolsapp.com\/wp-content\/uploads\/sites\/21\/2024\/03\/tooloptions-button-12x12.png 12w\" sizes=\"(max-width: 30px) 100vw, 30px\"> in a tool and selecting from the list provided.<\/p>\t\t\t\t\t\t\t\t<\/div>\n\t\t\t\t<\/div>\n\t\t\t\t\t<\/div>\n\t\t<\/div>\n\t\t\t\t\t<\/div>\n\t\t<\/section>\n\t\t\t\t<\/div>","protected":false},"excerpt":{"rendered":"<p>GodTools Language Improvements\u00a0 To create a better language experience for you, we\u2019ve made some improvements Here are some highlights: Primary language is now called App language. Select a fully translated language to navigate GodTools in. Filter tools by language Find tools in the 100+ other languages GodTools has at least one tool available in. Download [&hellip;]<\/p>","protected":false},"author":7579,"featured_media":0,"parent":0,"menu_order":0,"comment_status":"closed","ping_status":"closed","template":"","meta":{"_acf_changed":false,"inline_featured_image":false,"footnotes":""},"class_list":["post-4790","page","type-page","status-publish","hentry"],"acf":[],"yoast_head":"<!-- This site is optimized with the Yoast SEO plugin v26.7 - https:\/\/yoast.com\/wordpress\/plugins\/seo\/ -->\n<title>Language updates 2024 - GodTools<\/title>\n<meta name=\"robots\" content=\"index, follow, max-snippet:-1, max-image-preview:large, max-video-preview:-1\" \/>\n<link rel=\"canonical\" href=\"https:\/\/godtoolsapp.com\/fr\/language-updates-2024\/\" \/>\n<meta property=\"og:locale\" content=\"fr_FR\" \/>\n<meta property=\"og:type\" content=\"article\" \/>\n<meta property=\"og:title\" content=\"Language updates 2024 - GodTools\" \/>\n<meta property=\"og:description\" content=\"GodTools Language Improvements\u00a0 To create a better language experience for you, we\u2019ve made some improvements Here are some highlights: Primary language is now called App language. Select a fully translated language to navigate GodTools in. Filter tools by language Find tools in the 100+ other languages GodTools has at least one tool available in. Download [&hellip;]\" \/>\n<meta property=\"og:url\" content=\"https:\/\/godtoolsapp.com\/fr\/language-updates-2024\/\" \/>\n<meta property=\"og:site_name\" content=\"GodTools\" \/>\n<meta property=\"article:modified_time\" content=\"2024-03-05T16:55:00+00:00\" \/>\n<meta property=\"og:image\" content=\"https:\/\/godtoolsapp.com\/wp-content\/uploads\/sites\/21\/2024\/03\/applang-update.png\" \/>\n<meta name=\"twitter:card\" content=\"summary_large_image\" \/>\n<meta name=\"twitter:label1\" content=\"Dur\u00e9e de lecture estim\u00e9e\" \/>\n\t<meta name=\"twitter:data1\" content=\"2 minutes\" \/>\n<script type=\"application\/ld+json\" class=\"yoast-schema-graph\">{\"@context\":\"https:\/\/schema.org\",\"@graph\":[{\"@type\":\"WebPage\",\"@id\":\"https:\/\/godtoolsapp.com\/language-updates-2024\/\",\"url\":\"https:\/\/godtoolsapp.com\/language-updates-2024\/\",\"name\":\"Language updates 2024 - GodTools\",\"isPartOf\":{\"@id\":\"https:\/\/godtoolsapp.com\/pt\/#website\"},\"primaryImageOfPage\":{\"@id\":\"https:\/\/godtoolsapp.com\/language-updates-2024\/#primaryimage\"},\"image\":{\"@id\":\"https:\/\/godtoolsapp.com\/language-updates-2024\/#primaryimage\"},\"thumbnailUrl\":\"https:\/\/godtoolsapp.com\/wp-content\/uploads\/sites\/21\/2024\/03\/applang-update.png\",\"datePublished\":\"2024-03-05T16:54:56+00:00\",\"dateModified\":\"2024-03-05T16:55:00+00:00\",\"breadcrumb\":{\"@id\":\"https:\/\/godtoolsapp.com\/language-updates-2024\/#breadcrumb\"},\"inLanguage\":\"fr-FR\",\"potentialAction\":[{\"@type\":\"ReadAction\",\"target\":[\"https:\/\/godtoolsapp.com\/language-updates-2024\/\"]}]},{\"@type\":\"ImageObject\",\"inLanguage\":\"fr-FR\",\"@id\":\"https:\/\/godtoolsapp.com\/language-updates-2024\/#primaryimage\",\"url\":\"https:\/\/godtoolsapp.com\/wp-content\/uploads\/sites\/21\/2024\/03\/applang-update.png\",\"contentUrl\":\"https:\/\/godtoolsapp.com\/wp-content\/uploads\/sites\/21\/2024\/03\/applang-update.png\"},{\"@type\":\"BreadcrumbList\",\"@id\":\"https:\/\/godtoolsapp.com\/language-updates-2024\/#breadcrumb\",\"itemListElement\":[{\"@type\":\"ListItem\",\"position\":1,\"name\":\"Home\",\"item\":\"https:\/\/godtoolsapp.com\/\"},{\"@type\":\"ListItem\",\"position\":2,\"name\":\"Language updates 2024\"}]},{\"@type\":\"WebSite\",\"@id\":\"https:\/\/godtoolsapp.com\/pt\/#website\",\"url\":\"https:\/\/godtoolsapp.com\/pt\/\",\"name\":\"GodTools\",\"description\":\"Helping You Share Your Faith\",\"potentialAction\":[{\"@type\":\"SearchAction\",\"target\":{\"@type\":\"EntryPoint\",\"urlTemplate\":\"https:\/\/godtoolsapp.com\/pt\/?s={search_term_string}\"},\"query-input\":{\"@type\":\"PropertyValueSpecification\",\"valueRequired\":true,\"valueName\":\"search_term_string\"}}],\"inLanguage\":\"fr-FR\"}]}<\/script>\n<!-- \/ Yoast SEO plugin. -->","yoast_head_json":{"title":"Language updates 2024 - GodTools","robots":{"index":"index","follow":"follow","max-snippet":"max-snippet:-1","max-image-preview":"max-image-preview:large","max-video-preview":"max-video-preview:-1"},"canonical":"https:\/\/godtoolsapp.com\/fr\/language-updates-2024\/","og_locale":"fr_FR","og_type":"article","og_title":"Language updates 2024 - GodTools","og_description":"GodTools Language Improvements\u00a0 To create a better language experience for you, we\u2019ve made some improvements Here are some highlights: Primary language is now called App language. Select a fully translated language to navigate GodTools in. Filter tools by language Find tools in the 100+ other languages GodTools has at least one tool available in. Download [&hellip;]","og_url":"https:\/\/godtoolsapp.com\/fr\/language-updates-2024\/","og_site_name":"GodTools","article_modified_time":"2024-03-05T16:55:00+00:00","og_image":[{"url":"https:\/\/godtoolsapp.com\/wp-content\/uploads\/sites\/21\/2024\/03\/applang-update.png","type":"","width":"","height":""}],"twitter_card":"summary_large_image","twitter_misc":{"Dur\u00e9e de lecture estim\u00e9e":"2 minutes"},"schema":{"@context":"https:\/\/schema.org","@graph":[{"@type":"WebPage","@id":"https:\/\/godtoolsapp.com\/language-updates-2024\/","url":"https:\/\/godtoolsapp.com\/language-updates-2024\/","name":"Language updates 2024 - GodTools","isPartOf":{"@id":"https:\/\/godtoolsapp.com\/pt\/#website"},"primaryImageOfPage":{"@id":"https:\/\/godtoolsapp.com\/language-updates-2024\/#primaryimage"},"image":{"@id":"https:\/\/godtoolsapp.com\/language-updates-2024\/#primaryimage"},"thumbnailUrl":"https:\/\/godtoolsapp.com\/wp-content\/uploads\/sites\/21\/2024\/03\/applang-update.png","datePublished":"2024-03-05T16:54:56+00:00","dateModified":"2024-03-05T16:55:00+00:00","breadcrumb":{"@id":"https:\/\/godtoolsapp.com\/language-updates-2024\/#breadcrumb"},"inLanguage":"fr-FR","potentialAction":[{"@type":"ReadAction","target":["https:\/\/godtoolsapp.com\/language-updates-2024\/"]}]},{"@type":"ImageObject","inLanguage":"fr-FR","@id":"https:\/\/godtoolsapp.com\/language-updates-2024\/#primaryimage","url":"https:\/\/godtoolsapp.com\/wp-content\/uploads\/sites\/21\/2024\/03\/applang-update.png","contentUrl":"https:\/\/godtoolsapp.com\/wp-content\/uploads\/sites\/21\/2024\/03\/applang-update.png"},{"@type":"BreadcrumbList","@id":"https:\/\/godtoolsapp.com\/language-updates-2024\/#breadcrumb","itemListElement":[{"@type":"ListItem","position":1,"name":"Home","item":"https:\/\/godtoolsapp.com\/"},{"@type":"ListItem","position":2,"name":"Language updates 2024"}]},{"@type":"WebSite","@id":"https:\/\/godtoolsapp.com\/pt\/#website","url":"https:\/\/godtoolsapp.com\/pt\/","name":"GodTools","description":"Helping You Share Your Faith","potentialAction":[{"@type":"SearchAction","target":{"@type":"EntryPoint","urlTemplate":"https:\/\/godtoolsapp.com\/pt\/?s={search_term_string}"},"query-input":{"@type":"PropertyValueSpecification","valueRequired":true,"valueName":"search_term_string"}}],"inLanguage":"fr-FR"}]}},"jetpack_sharing_enabled":true,"meta_box":{"_cloudsearch_visibility":"0"},"_links":{"self":[{"href":"https:\/\/godtoolsapp.com\/fr\/wp-json\/wp\/v2\/pages\/4790","targetHints":{"allow":["GET"]}}],"collection":[{"href":"https:\/\/godtoolsapp.com\/fr\/wp-json\/wp\/v2\/pages"}],"about":[{"href":"https:\/\/godtoolsapp.com\/fr\/wp-json\/wp\/v2\/types\/page"}],"author":[{"embeddable":true,"href":"https:\/\/godtoolsapp.com\/fr\/wp-json\/wp\/v2\/users\/7579"}],"replies":[{"embeddable":true,"href":"https:\/\/godtoolsapp.com\/fr\/wp-json\/wp\/v2\/comments?post=4790"}],"version-history":[{"count":16,"href":"https:\/\/godtoolsapp.com\/fr\/wp-json\/wp\/v2\/pages\/4790\/revisions"}],"predecessor-version":[{"id":4950,"href":"https:\/\/godtoolsapp.com\/fr\/wp-json\/wp\/v2\/pages\/4790\/revisions\/4950"}],"wp:attachment":[{"href":"https:\/\/godtoolsapp.com\/fr\/wp-json\/wp\/v2\/media?parent=4790"}],"curies":[{"name":"wp","href":"https:\/\/api.w.org\/{rel}","templated":true}]}}