{"id":2181,"date":"2021-11-29T18:33:51","date_gmt":"2021-11-29T23:33:51","guid":{"rendered":"https:\/\/godtoolsapp.com\/?page_id=2181"},"modified":"2021-12-16T12:30:25","modified_gmt":"2021-12-16T17:30:25","slug":"get-involved","status":"publish","type":"page","link":"https:\/\/godtoolsapp.com\/es\/get-involved\/","title":{"rendered":"Get involved"},"content":{"rendered":"<div data-elementor-type=\"wp-page\" data-elementor-id=\"2181\" class=\"elementor elementor-2181\" data-elementor-post-type=\"page\">\n\t\t\t\t\t\t<section class=\"elementor-section elementor-top-section elementor-element elementor-element-17c37c27 elementor-section-stretched elementor-section-boxed elementor-section-height-default elementor-section-height-default\" data-id=\"17c37c27\" data-element_type=\"section\" data-settings=\"{&quot;stretch_section&quot;:&quot;section-stretched&quot;,&quot;background_background&quot;:&quot;classic&quot;}\">\n\t\t\t\t\t\t<div class=\"elementor-container elementor-column-gap-default\">\n\t\t\t\t\t<div class=\"elementor-column elementor-col-100 elementor-top-column elementor-element elementor-element-4a375ef7\" data-id=\"4a375ef7\" data-element_type=\"column\">\n\t\t\t<div class=\"elementor-widget-wrap elementor-element-populated\">\n\t\t\t\t\t\t<section class=\"elementor-section elementor-inner-section elementor-element elementor-element-ea7f301 elementor-section-boxed elementor-section-height-default elementor-section-height-default\" data-id=\"ea7f301\" data-element_type=\"section\">\n\t\t\t\t\t\t<div class=\"elementor-container elementor-column-gap-default\">\n\t\t\t\t\t<div class=\"elementor-column elementor-col-100 elementor-inner-column elementor-element elementor-element-638c45c6\" data-id=\"638c45c6\" data-element_type=\"column\">\n\t\t\t<div class=\"elementor-widget-wrap elementor-element-populated\">\n\t\t\t\t\t\t<div class=\"elementor-element elementor-element-7b737516 elementor-widget elementor-widget-heading\" data-id=\"7b737516\" data-element_type=\"widget\" data-widget_type=\"heading.default\">\n\t\t\t\t<div class=\"elementor-widget-container\">\n\t\t\t\t\t<h1 class=\"elementor-heading-title elementor-size-default\">\u00bfQuieres ayudarnos o involucrarte?<br>\nAqu\u00ed hay <b>5 formas<\/b> de hacerlo<\/h1>\t\t\t\t<\/div>\n\t\t\t\t<\/div>\n\t\t\t\t\t<\/div>\n\t\t<\/div>\n\t\t\t\t\t<\/div>\n\t\t<\/section>\n\t\t\t\t<div class=\"elementor-element elementor-element-31e01a53 elementor-view-default elementor-widget elementor-widget-icon\" data-id=\"31e01a53\" data-element_type=\"widget\" data-settings=\"{&quot;motion_fx_motion_fx_scrolling&quot;:&quot;yes&quot;,&quot;motion_fx_scale_effect&quot;:&quot;yes&quot;,&quot;motion_fx_scale_direction&quot;:&quot;in-out&quot;,&quot;motion_fx_scale_speed&quot;:{&quot;unit&quot;:&quot;px&quot;,&quot;size&quot;:4,&quot;sizes&quot;:[]},&quot;motion_fx_scale_range&quot;:{&quot;unit&quot;:&quot;%&quot;,&quot;size&quot;:&quot;&quot;,&quot;sizes&quot;:{&quot;start&quot;:20,&quot;end&quot;:80}},&quot;motion_fx_devices&quot;:[&quot;desktop&quot;,&quot;tablet&quot;,&quot;mobile&quot;]}\" data-widget_type=\"icon.default\">\n\t\t\t\t<div class=\"elementor-widget-container\">\n\t\t\t\t\t\t\t<div class=\"elementor-icon-wrapper\">\n\t\t\t<div class=\"elementor-icon\">\n\t\t\t<i aria-hidden=\"true\" class=\"fas fa-chevron-down\"><\/i>\t\t\t<\/div>\n\t\t<\/div>\n\t\t\t\t\t\t<\/div>\n\t\t\t\t<\/div>\n\t\t\t\t\t<\/div>\n\t\t<\/div>\n\t\t\t\t\t<\/div>\n\t\t<\/section>\n\t\t\t\t<section class=\"elementor-section elementor-top-section elementor-element elementor-element-72a107ec elementor-section-boxed elementor-section-height-default elementor-section-height-default\" data-id=\"72a107ec\" data-element_type=\"section\">\n\t\t\t\t\t\t<div class=\"elementor-container elementor-column-gap-default\">\n\t\t\t\t\t<div class=\"elementor-column elementor-col-50 elementor-top-column elementor-element elementor-element-46d75078\" data-id=\"46d75078\" data-element_type=\"column\">\n\t\t\t<div class=\"elementor-widget-wrap elementor-element-populated\">\n\t\t\t\t\t\t<div class=\"elementor-element elementor-element-6352635e elementor-widget elementor-widget-heading\" data-id=\"6352635e\" data-element_type=\"widget\" data-widget_type=\"heading.default\">\n\t\t\t\t<div class=\"elementor-widget-container\">\n\t\t\t\t\t<h2 class=\"elementor-heading-title elementor-size-default\">1. Comienza una conversaci\u00f3n con alguien que conoces<\/h2>\t\t\t\t<\/div>\n\t\t\t\t<\/div>\n\t\t\t\t<div class=\"elementor-element elementor-element-5bde7ac0 elementor-widget elementor-widget-text-editor\" data-id=\"5bde7ac0\" data-element_type=\"widget\" data-widget_type=\"text-editor.default\">\n\t\t\t\t<div class=\"elementor-widget-container\">\n\t\t\t\t\t\t\t\t\tGodTools te ayuda a entablar una conversaci\u00f3n sobre Jes\u00fas con cualquier persona. \u00bfA qui\u00e9n ha puesto Dios en tu vida con quien quieres iniciar una conversaci\u00f3n?\t\t\t\t\t\t\t\t<\/div>\n\t\t\t\t<\/div>\n\t\t\t\t<div class=\"elementor-element elementor-element-51c2c26c elementor-widget__width-auto elementor-widget elementor-widget-image\" data-id=\"51c2c26c\" data-element_type=\"widget\" data-widget_type=\"image.default\">\n\t\t\t\t<div class=\"elementor-widget-container\">\n\t\t\t\t\t\t\t\t\t\t\t\t\t\t\t<img decoding=\"async\" src=\"https:\/\/godtoolsapp.com\/wp-content\/uploads\/sites\/21\/2021\/11\/apple-1.png?w=503\" title=\"apple-1.png\" alt=\"apple-1.png\" loading=\"lazy\" \/>\t\t\t\t\t\t\t\t\t\t\t\t\t\t\t<\/div>\n\t\t\t\t<\/div>\n\t\t\t\t<div class=\"elementor-element elementor-element-6d09d31a elementor-widget__width-auto elementor-widget elementor-widget-image\" data-id=\"6d09d31a\" data-element_type=\"widget\" data-widget_type=\"image.default\">\n\t\t\t\t<div class=\"elementor-widget-container\">\n\t\t\t\t\t\t\t\t\t\t\t\t\t\t\t<img decoding=\"async\" src=\"https:\/\/godtoolsapp.com\/wp-content\/uploads\/sites\/21\/2021\/11\/google-1.png?w=564\" title=\"google-1.png\" alt=\"google-1.png\" loading=\"lazy\" \/>\t\t\t\t\t\t\t\t\t\t\t\t\t\t\t<\/div>\n\t\t\t\t<\/div>\n\t\t\t\t\t<\/div>\n\t\t<\/div>\n\t\t\t\t<div class=\"elementor-column elementor-col-50 elementor-top-column elementor-element elementor-element-223b41f\" data-id=\"223b41f\" data-element_type=\"column\">\n\t\t\t<div class=\"elementor-widget-wrap elementor-element-populated\">\n\t\t\t\t\t\t<div class=\"elementor-element elementor-element-554249ac elementor-widget elementor-widget-image\" data-id=\"554249ac\" data-element_type=\"widget\" data-widget_type=\"image.default\">\n\t\t\t\t<div class=\"elementor-widget-container\">\n\t\t\t\t\t\t\t\t\t\t\t\t\t\t\t<img decoding=\"async\" src=\"https:\/\/godtoolsapp.com\/wp-content\/uploads\/sites\/21\/2021\/11\/home_mock2.png?w=1304\" title=\"home_mock2.png\" alt=\"home_mock2.png\" loading=\"lazy\" \/>\t\t\t\t\t\t\t\t\t\t\t\t\t\t\t<\/div>\n\t\t\t\t<\/div>\n\t\t\t\t\t<\/div>\n\t\t<\/div>\n\t\t\t\t\t<\/div>\n\t\t<\/section>\n\t\t\t\t<section class=\"elementor-section elementor-top-section elementor-element elementor-element-356af884 elementor-section-stretched elementor-section-boxed elementor-section-height-default elementor-section-height-default\" data-id=\"356af884\" data-element_type=\"section\" data-settings=\"{&quot;stretch_section&quot;:&quot;section-stretched&quot;,&quot;background_background&quot;:&quot;classic&quot;}\">\n\t\t\t\t\t\t\t<div class=\"elementor-background-overlay\"><\/div>\n\t\t\t\t\t\t\t<div class=\"elementor-container elementor-column-gap-default\">\n\t\t\t\t\t<div class=\"elementor-column elementor-col-50 elementor-top-column elementor-element elementor-element-2be496d4\" data-id=\"2be496d4\" data-element_type=\"column\" data-settings=\"{&quot;background_background&quot;:&quot;classic&quot;}\">\n\t\t\t<div class=\"elementor-widget-wrap\">\n\t\t\t\t\t\t\t<\/div>\n\t\t<\/div>\n\t\t\t\t<div class=\"elementor-column elementor-col-50 elementor-top-column elementor-element elementor-element-6474f67f\" data-id=\"6474f67f\" data-element_type=\"column\">\n\t\t\t<div class=\"elementor-widget-wrap elementor-element-populated\">\n\t\t\t\t\t\t<div class=\"elementor-element elementor-element-6835a372 elementor-widget elementor-widget-heading\" data-id=\"6835a372\" data-element_type=\"widget\" data-widget_type=\"heading.default\">\n\t\t\t\t<div class=\"elementor-widget-container\">\n\t\t\t\t\t<h2 class=\"elementor-heading-title elementor-size-default\">2. Cu\u00e9ntale a alguien m\u00e1s sobre GodTools<\/h2>\t\t\t\t<\/div>\n\t\t\t\t<\/div>\n\t\t\t\t<div class=\"elementor-element elementor-element-40dc9886 elementor-widget elementor-widget-text-editor\" data-id=\"40dc9886\" data-element_type=\"widget\" data-widget_type=\"text-editor.default\">\n\t\t\t\t<div class=\"elementor-widget-container\">\n\t\t\t\t\t\t\t\t\t<p><span>\u00bfA qui\u00e9n m\u00e1s conoces que disfrutar\u00eda explorando nuestras herramientas? D\u00edselo a tu pastor, a tu ministerio universitario, a tu grupo de j\u00f3venes, a tus amigos cristianos.<\/span><\/p>\t\t\t\t\t\t\t\t<\/div>\n\t\t\t\t<\/div>\n\t\t\t\t\t<\/div>\n\t\t<\/div>\n\t\t\t\t\t<\/div>\n\t\t<\/section>\n\t\t\t\t<section class=\"elementor-section elementor-top-section elementor-element elementor-element-5720f84b elementor-section-stretched elementor-section-boxed elementor-section-height-default elementor-section-height-default\" data-id=\"5720f84b\" data-element_type=\"section\" data-settings=\"{&quot;stretch_section&quot;:&quot;section-stretched&quot;}\">\n\t\t\t\t\t\t<div class=\"elementor-container elementor-column-gap-default\">\n\t\t\t\t\t<div class=\"elementor-column elementor-col-50 elementor-top-column elementor-element elementor-element-4d56d873\" data-id=\"4d56d873\" data-element_type=\"column\" data-settings=\"{&quot;motion_fx_motion_fx_scrolling&quot;:&quot;yes&quot;,&quot;motion_fx_translateY_effect&quot;:&quot;yes&quot;,&quot;motion_fx_translateY_speed&quot;:{&quot;unit&quot;:&quot;px&quot;,&quot;size&quot;:&quot;1.2&quot;,&quot;sizes&quot;:[]},&quot;motion_fx_translateY_affectedRange&quot;:{&quot;unit&quot;:&quot;%&quot;,&quot;size&quot;:&quot;&quot;,&quot;sizes&quot;:{&quot;start&quot;:&quot;0&quot;,&quot;end&quot;:&quot;68&quot;}},&quot;motion_fx_devices&quot;:[&quot;desktop&quot;,&quot;tablet&quot;,&quot;mobile&quot;]}\">\n\t\t\t<div class=\"elementor-widget-wrap elementor-element-populated\">\n\t\t\t\t\t\t<div class=\"elementor-element elementor-element-4e41b785 elementor-widget elementor-widget-image\" data-id=\"4e41b785\" data-element_type=\"widget\" data-widget_type=\"image.default\">\n\t\t\t\t<div class=\"elementor-widget-container\">\n\t\t\t\t\t\t\t\t\t\t\t\t\t\t\t<img decoding=\"async\" src=\"https:\/\/godtoolsapp.com\/wp-content\/uploads\/sites\/21\/2021\/11\/Asset-1map1-2200x1157-1.jpeg?w=2200\" title=\"Asset-1map1-2200&#215;1157-1.jpeg\" alt=\"Asset-1map1-2200x1157-1.jpeg\" loading=\"lazy\" \/>\t\t\t\t\t\t\t\t\t\t\t\t\t\t\t<\/div>\n\t\t\t\t<\/div>\n\t\t\t\t\t<\/div>\n\t\t<\/div>\n\t\t\t\t<div class=\"elementor-column elementor-col-50 elementor-top-column elementor-element elementor-element-2516db8a\" data-id=\"2516db8a\" data-element_type=\"column\">\n\t\t\t<div class=\"elementor-widget-wrap elementor-element-populated\">\n\t\t\t\t\t\t<div class=\"elementor-element elementor-element-25f598aa elementor-widget elementor-widget-heading\" data-id=\"25f598aa\" data-element_type=\"widget\" data-widget_type=\"heading.default\">\n\t\t\t\t<div class=\"elementor-widget-container\">\n\t\t\t\t\t<h2 class=\"elementor-heading-title elementor-size-default\">3. Ayuda a que GodTools est\u00e9 disponible en m\u00e1s idiomas<\/h2>\t\t\t\t<\/div>\n\t\t\t\t<\/div>\n\t\t\t\t<div class=\"elementor-element elementor-element-4d39a778 elementor-widget elementor-widget-text-editor\" data-id=\"4d39a778\" data-element_type=\"widget\" data-widget_type=\"text-editor.default\">\n\t\t\t\t<div class=\"elementor-widget-container\">\n\t\t\t\t\t\t\t\t\t<p><span>\u00bfHablas otro idioma que no sea el ingl\u00e9s? Personas de m\u00e1s de 180 pa\u00edses de todo el mundo han descargado GodTools. Queremos que haya m\u00e1s consejos y herramientas disponibles para las personas en sus idiomas preferidos, pero necesitamos ayuda para lograrlo.<\/span><\/p>\t\t\t\t\t\t\t\t<\/div>\n\t\t\t\t<\/div>\n\t\t\t\t<div class=\"elementor-element elementor-element-3c723e6f elementor-align-left elementor-widget elementor-widget-button\" data-id=\"3c723e6f\" data-element_type=\"widget\" data-widget_type=\"button.default\">\n\t\t\t\t<div class=\"elementor-widget-container\">\n\t\t\t\t\t\t\t\t\t<div class=\"elementor-button-wrapper\">\n\t\t\t\t\t<a class=\"elementor-button elementor-button-link elementor-size-md\" href=\"https:\/\/godtoolsapp.com\/es\/contact\/\">\n\t\t\t\t\t\t<span class=\"elementor-button-content-wrapper\">\n\t\t\t\t\t\t<span class=\"elementor-button-icon\">\n\t\t\t\t<i aria-hidden=\"true\" class=\"fas fa-long-arrow-alt-right\"><\/i>\t\t\t<\/span>\n\t\t\t\t\t\t\t\t\t<span class=\"elementor-button-text\">Puedo ayudar a traducir GodTools<\/span>\n\t\t\t\t\t<\/span>\n\t\t\t\t\t<\/a>\n\t\t\t\t<\/div>\n\t\t\t\t\t\t\t\t<\/div>\n\t\t\t\t<\/div>\n\t\t\t\t\t<\/div>\n\t\t<\/div>\n\t\t\t\t\t<\/div>\n\t\t<\/section>\n\t\t\t\t<section class=\"elementor-section elementor-top-section elementor-element elementor-element-3b7f8eb1 elementor-section-stretched elementor-section-full_width elementor-section-height-default elementor-section-height-default\" data-id=\"3b7f8eb1\" data-element_type=\"section\" data-settings=\"{&quot;stretch_section&quot;:&quot;section-stretched&quot;,&quot;background_background&quot;:&quot;classic&quot;}\">\n\t\t\t\t\t\t<div class=\"elementor-container elementor-column-gap-default\">\n\t\t\t\t\t<div class=\"elementor-column elementor-col-50 elementor-top-column elementor-element elementor-element-48920151\" data-id=\"48920151\" data-element_type=\"column\">\n\t\t\t<div class=\"elementor-widget-wrap elementor-element-populated\">\n\t\t\t\t\t\t<div class=\"elementor-element elementor-element-7c3d62a8 elementor-widget elementor-widget-shortcode\" data-id=\"7c3d62a8\" data-element_type=\"widget\" data-widget_type=\"shortcode.default\">\n\t\t\t\t<div class=\"elementor-widget-container\">\n\t\t\t\t\t\t\t<div class=\"elementor-shortcode\"><\/div>\n\t\t\t\t\t\t<\/div>\n\t\t\t\t<\/div>\n\t\t\t\t\t<\/div>\n\t\t<\/div>\n\t\t\t\t<div class=\"elementor-column elementor-col-50 elementor-top-column elementor-element elementor-element-2d3d7185\" data-id=\"2d3d7185\" data-element_type=\"column\">\n\t\t\t<div class=\"elementor-widget-wrap elementor-element-populated\">\n\t\t\t\t\t\t<div class=\"elementor-element elementor-element-f2a10b8 elementor-widget elementor-widget-image\" data-id=\"f2a10b8\" data-element_type=\"widget\" data-settings=\"{&quot;_animation&quot;:&quot;none&quot;}\" data-widget_type=\"image.default\">\n\t\t\t\t<div class=\"elementor-widget-container\">\n\t\t\t\t\t\t\t\t\t\t\t\t\t\t\t<img decoding=\"async\" src=\"https:\/\/godtoolsapp.com\/wp-content\/uploads\/sites\/21\/2021\/11\/petra_hero3.jpg?w=1600\" title=\"petra_hero3.jpg\" alt=\"petra_hero3.jpg\" loading=\"lazy\" \/>\t\t\t\t\t\t\t\t\t\t\t\t\t\t\t<\/div>\n\t\t\t\t<\/div>\n\t\t\t\t\t<\/div>\n\t\t<\/div>\n\t\t\t\t\t<\/div>\n\t\t<\/section>\n\t\t\t\t<section class=\"elementor-section elementor-top-section elementor-element elementor-element-1aa2573f elementor-section-boxed elementor-section-height-default elementor-section-height-default\" data-id=\"1aa2573f\" data-element_type=\"section\">\n\t\t\t\t\t\t<div class=\"elementor-container elementor-column-gap-default\">\n\t\t\t\t\t<div class=\"elementor-column elementor-col-50 elementor-top-column elementor-element elementor-element-1730bb7b\" data-id=\"1730bb7b\" data-element_type=\"column\">\n\t\t\t<div class=\"elementor-widget-wrap elementor-element-populated\">\n\t\t\t\t\t\t<div class=\"elementor-element elementor-element-4e616091 elementor-widget elementor-widget-heading\" data-id=\"4e616091\" data-element_type=\"widget\" data-widget_type=\"heading.default\">\n\t\t\t\t<div class=\"elementor-widget-container\">\n\t\t\t\t\t<h2 class=\"elementor-heading-title elementor-size-default\">5. Dar un donativo financiero a GodTools<\/h2>\t\t\t\t<\/div>\n\t\t\t\t<\/div>\n\t\t\t\t<div class=\"elementor-element elementor-element-16de54f4 elementor-widget elementor-widget-text-editor\" data-id=\"16de54f4\" data-element_type=\"widget\" data-widget_type=\"text-editor.default\">\n\t\t\t\t<div class=\"elementor-widget-container\">\n\t\t\t\t\t\t\t\t\t<p><span>Con tu apoyo, podemos ayudar a m\u00e1s cristianos a iniciar una conversaci\u00f3n sobre Jes\u00fas con alguien que les importa. <br \/>Ayuda a alguien a iniciar la conversaci\u00f3n por la que ha estado orando haciendo una donaci\u00f3n a GodTools.<\/span><\/p>\t\t\t\t\t\t\t\t<\/div>\n\t\t\t\t<\/div>\n\t\t\t\t<div class=\"elementor-element elementor-element-600aeab3 elementor-align-left elementor-widget elementor-widget-button\" data-id=\"600aeab3\" data-element_type=\"widget\" data-widget_type=\"button.default\">\n\t\t\t\t<div class=\"elementor-widget-container\">\n\t\t\t\t\t\t\t\t\t<div class=\"elementor-button-wrapper\">\n\t\t\t\t\t<a class=\"elementor-button elementor-button-link elementor-size-md\" href=\"https:\/\/give.cru.org\/1129304\">\n\t\t\t\t\t\t<span class=\"elementor-button-content-wrapper\">\n\t\t\t\t\t\t<span class=\"elementor-button-icon\">\n\t\t\t\t<i aria-hidden=\"true\" class=\"fas fa-long-arrow-alt-right\"><\/i>\t\t\t<\/span>\n\t\t\t\t\t\t\t\t\t<span class=\"elementor-button-text\">Dona a GodTools<\/span>\n\t\t\t\t\t<\/span>\n\t\t\t\t\t<\/a>\n\t\t\t\t<\/div>\n\t\t\t\t\t\t\t\t<\/div>\n\t\t\t\t<\/div>\n\t\t\t\t\t<\/div>\n\t\t<\/div>\n\t\t\t\t<div class=\"elementor-column elementor-col-50 elementor-top-column elementor-element elementor-element-27dc11c0\" data-id=\"27dc11c0\" data-element_type=\"column\">\n\t\t\t<div class=\"elementor-widget-wrap elementor-element-populated\">\n\t\t\t\t\t\t<div class=\"elementor-element elementor-element-1f08c067 elementor-widget elementor-widget-image\" data-id=\"1f08c067\" data-element_type=\"widget\" data-widget_type=\"image.default\">\n\t\t\t\t<div class=\"elementor-widget-container\">\n\t\t\t\t\t\t\t\t\t\t\t\t\t\t\t<img decoding=\"async\" src=\"https:\/\/godtoolsapp.com\/wp-content\/uploads\/sites\/21\/2021\/11\/Group-785.png?w=768\" title=\"Group-785.png\" alt=\"Group-785.png\" loading=\"lazy\" \/>\t\t\t\t\t\t\t\t\t\t\t\t\t\t\t<\/div>\n\t\t\t\t<\/div>\n\t\t\t\t\t<\/div>\n\t\t<\/div>\n\t\t\t\t\t<\/div>\n\t\t<\/section>\n\t\t\t\t<\/div>","protected":false},"excerpt":{"rendered":"<p>Want to help us or get involved? Here are 5 big ways you can 1. Start a conversation with someone you know GodTools helps you engage in a conversation about Jesus with anyone. Who has God placed in your life that you want to start a conversation with? 2. Tell someone else about Godtools Who [&hellip;]<\/p>","protected":false},"author":7579,"featured_media":0,"parent":0,"menu_order":0,"comment_status":"closed","ping_status":"closed","template":"","meta":{"_acf_changed":false,"inline_featured_image":false,"footnotes":""},"class_list":["post-2181","page","type-page","status-publish","hentry"],"acf":[],"yoast_head":"<!-- This site is optimized with the Yoast SEO plugin v26.7 - https:\/\/yoast.com\/wordpress\/plugins\/seo\/ -->\n<title>Get involved - GodTools<\/title>\n<meta name=\"robots\" content=\"index, follow, max-snippet:-1, max-image-preview:large, max-video-preview:-1\" \/>\n<link rel=\"canonical\" href=\"https:\/\/godtoolsapp.com\/es\/get-involved\/\" \/>\n<meta property=\"og:locale\" content=\"es_MX\" \/>\n<meta property=\"og:type\" content=\"article\" \/>\n<meta property=\"og:title\" content=\"Get involved - GodTools\" \/>\n<meta property=\"og:description\" content=\"Want to help us or get involved? Here are 5 big ways you can 1. Start a conversation with someone you know GodTools helps you engage in a conversation about Jesus with anyone. Who has God placed in your life that you want to start a conversation with? 2. Tell someone else about Godtools Who [&hellip;]\" \/>\n<meta property=\"og:url\" content=\"https:\/\/godtoolsapp.com\/es\/get-involved\/\" \/>\n<meta property=\"og:site_name\" content=\"GodTools\" \/>\n<meta property=\"article:modified_time\" content=\"2021-12-16T17:30:25+00:00\" \/>\n<meta property=\"og:image\" content=\"https:\/\/godtoolsapp.com\/wp-content\/uploads\/sites\/21\/2021\/11\/apple-1.png\" \/>\n<meta name=\"twitter:card\" content=\"summary_large_image\" \/>\n<meta name=\"twitter:label1\" content=\"Est. reading time\" \/>\n\t<meta name=\"twitter:data1\" content=\"3 minutes\" \/>\n<script type=\"application\/ld+json\" class=\"yoast-schema-graph\">{\"@context\":\"https:\/\/schema.org\",\"@graph\":[{\"@type\":\"WebPage\",\"@id\":\"https:\/\/godtoolsapp.com\/get-involved\/\",\"url\":\"https:\/\/godtoolsapp.com\/get-involved\/\",\"name\":\"Get involved - GodTools\",\"isPartOf\":{\"@id\":\"https:\/\/godtoolsapp.com\/pt\/#website\"},\"primaryImageOfPage\":{\"@id\":\"https:\/\/godtoolsapp.com\/get-involved\/#primaryimage\"},\"image\":{\"@id\":\"https:\/\/godtoolsapp.com\/get-involved\/#primaryimage\"},\"thumbnailUrl\":\"https:\/\/godtoolsapp.com\/wp-content\/uploads\/sites\/21\/2021\/11\/apple-1.png\",\"datePublished\":\"2021-11-29T23:33:51+00:00\",\"dateModified\":\"2021-12-16T17:30:25+00:00\",\"breadcrumb\":{\"@id\":\"https:\/\/godtoolsapp.com\/get-involved\/#breadcrumb\"},\"inLanguage\":\"es-MX\",\"potentialAction\":[{\"@type\":\"ReadAction\",\"target\":[\"https:\/\/godtoolsapp.com\/get-involved\/\"]}]},{\"@type\":\"ImageObject\",\"inLanguage\":\"es-MX\",\"@id\":\"https:\/\/godtoolsapp.com\/get-involved\/#primaryimage\",\"url\":\"https:\/\/godtoolsapp.com\/wp-content\/uploads\/sites\/21\/2021\/11\/apple-1.png\",\"contentUrl\":\"https:\/\/godtoolsapp.com\/wp-content\/uploads\/sites\/21\/2021\/11\/apple-1.png\"},{\"@type\":\"BreadcrumbList\",\"@id\":\"https:\/\/godtoolsapp.com\/get-involved\/#breadcrumb\",\"itemListElement\":[{\"@type\":\"ListItem\",\"position\":1,\"name\":\"Home\",\"item\":\"https:\/\/godtoolsapp.com\/\"},{\"@type\":\"ListItem\",\"position\":2,\"name\":\"Get involved\"}]},{\"@type\":\"WebSite\",\"@id\":\"https:\/\/godtoolsapp.com\/pt\/#website\",\"url\":\"https:\/\/godtoolsapp.com\/pt\/\",\"name\":\"GodTools\",\"description\":\"Helping You Share Your Faith\",\"potentialAction\":[{\"@type\":\"SearchAction\",\"target\":{\"@type\":\"EntryPoint\",\"urlTemplate\":\"https:\/\/godtoolsapp.com\/pt\/?s={search_term_string}\"},\"query-input\":{\"@type\":\"PropertyValueSpecification\",\"valueRequired\":true,\"valueName\":\"search_term_string\"}}],\"inLanguage\":\"es-MX\"}]}<\/script>\n<!-- \/ Yoast SEO plugin. -->","yoast_head_json":{"title":"Get involved - GodTools","robots":{"index":"index","follow":"follow","max-snippet":"max-snippet:-1","max-image-preview":"max-image-preview:large","max-video-preview":"max-video-preview:-1"},"canonical":"https:\/\/godtoolsapp.com\/es\/get-involved\/","og_locale":"es_MX","og_type":"article","og_title":"Get involved - GodTools","og_description":"Want to help us or get involved? Here are 5 big ways you can 1. Start a conversation with someone you know GodTools helps you engage in a conversation about Jesus with anyone. Who has God placed in your life that you want to start a conversation with? 2. Tell someone else about Godtools Who [&hellip;]","og_url":"https:\/\/godtoolsapp.com\/es\/get-involved\/","og_site_name":"GodTools","article_modified_time":"2021-12-16T17:30:25+00:00","og_image":[{"url":"https:\/\/godtoolsapp.com\/wp-content\/uploads\/sites\/21\/2021\/11\/apple-1.png","type":"","width":"","height":""}],"twitter_card":"summary_large_image","twitter_misc":{"Est. reading time":"3 minutes"},"schema":{"@context":"https:\/\/schema.org","@graph":[{"@type":"WebPage","@id":"https:\/\/godtoolsapp.com\/get-involved\/","url":"https:\/\/godtoolsapp.com\/get-involved\/","name":"Get involved - GodTools","isPartOf":{"@id":"https:\/\/godtoolsapp.com\/pt\/#website"},"primaryImageOfPage":{"@id":"https:\/\/godtoolsapp.com\/get-involved\/#primaryimage"},"image":{"@id":"https:\/\/godtoolsapp.com\/get-involved\/#primaryimage"},"thumbnailUrl":"https:\/\/godtoolsapp.com\/wp-content\/uploads\/sites\/21\/2021\/11\/apple-1.png","datePublished":"2021-11-29T23:33:51+00:00","dateModified":"2021-12-16T17:30:25+00:00","breadcrumb":{"@id":"https:\/\/godtoolsapp.com\/get-involved\/#breadcrumb"},"inLanguage":"es-MX","potentialAction":[{"@type":"ReadAction","target":["https:\/\/godtoolsapp.com\/get-involved\/"]}]},{"@type":"ImageObject","inLanguage":"es-MX","@id":"https:\/\/godtoolsapp.com\/get-involved\/#primaryimage","url":"https:\/\/godtoolsapp.com\/wp-content\/uploads\/sites\/21\/2021\/11\/apple-1.png","contentUrl":"https:\/\/godtoolsapp.com\/wp-content\/uploads\/sites\/21\/2021\/11\/apple-1.png"},{"@type":"BreadcrumbList","@id":"https:\/\/godtoolsapp.com\/get-involved\/#breadcrumb","itemListElement":[{"@type":"ListItem","position":1,"name":"Home","item":"https:\/\/godtoolsapp.com\/"},{"@type":"ListItem","position":2,"name":"Get involved"}]},{"@type":"WebSite","@id":"https:\/\/godtoolsapp.com\/pt\/#website","url":"https:\/\/godtoolsapp.com\/pt\/","name":"GodTools","description":"Helping You Share Your Faith","potentialAction":[{"@type":"SearchAction","target":{"@type":"EntryPoint","urlTemplate":"https:\/\/godtoolsapp.com\/pt\/?s={search_term_string}"},"query-input":{"@type":"PropertyValueSpecification","valueRequired":true,"valueName":"search_term_string"}}],"inLanguage":"es-MX"}]}},"jetpack_sharing_enabled":true,"meta_box":{"_cloudsearch_visibility":""},"_links":{"self":[{"href":"https:\/\/godtoolsapp.com\/es\/wp-json\/wp\/v2\/pages\/2181","targetHints":{"allow":["GET"]}}],"collection":[{"href":"https:\/\/godtoolsapp.com\/es\/wp-json\/wp\/v2\/pages"}],"about":[{"href":"https:\/\/godtoolsapp.com\/es\/wp-json\/wp\/v2\/types\/page"}],"author":[{"embeddable":true,"href":"https:\/\/godtoolsapp.com\/es\/wp-json\/wp\/v2\/users\/7579"}],"replies":[{"embeddable":true,"href":"https:\/\/godtoolsapp.com\/es\/wp-json\/wp\/v2\/comments?post=2181"}],"version-history":[{"count":13,"href":"https:\/\/godtoolsapp.com\/es\/wp-json\/wp\/v2\/pages\/2181\/revisions"}],"predecessor-version":[{"id":2435,"href":"https:\/\/godtoolsapp.com\/es\/wp-json\/wp\/v2\/pages\/2181\/revisions\/2435"}],"wp:attachment":[{"href":"https:\/\/godtoolsapp.com\/es\/wp-json\/wp\/v2\/media?parent=2181"}],"curies":[{"name":"wp","href":"https:\/\/api.w.org\/{rel}","templated":true}]}}